{"id":547,"date":"2014-02-10T00:19:25","date_gmt":"2014-02-09T23:19:25","guid":{"rendered":"https:\/\/apartmani-luca.com\/?page_id=547"},"modified":"2014-06-10T09:40:20","modified_gmt":"2014-06-10T08:40:20","slug":"windsurfing-2","status":"publish","type":"page","link":"https:\/\/apartmani-luca.com\/sl\/windsurfing-2\/","title":{"rendered":"Windsurfing"},"content":{"rendered":"<h2 class=\"pagetitle \">Windsurfing<\/h2>\n<p><a href=\"https:\/\/apartmani-luca.com\/wp-content\/uploads\/2011\/11\/Sabunike4.jpg\"><img loading=\"lazy\" class=\"size-full wp-image-45 alignleft\" title=\"Sabunike4\" alt=\"\" src=\"https:\/\/apartmani-luca.com\/wp-content\/uploads\/2011\/11\/Sabunike4.jpg\" width=\"300\" height=\"224\" \/><\/a><\/p>\n<p>Pla\u017ea Sabunike je eden izmed najbolj znanih windsurf spotov na Hrva\u0161kem. Zna\u010dilni trije\u00a0 vetrovi, burja, Jugo in Maestral, od katerih ima vsaka svoj \u200b\u200b\u010dar .<br \/>\nBurj ima popolnoma odprto pot od Velebita kanala in pogosto dose\u017ee hitrost ve\u010djo od 50 vozlov ! Jugo, vetrne elektrarne na morju , ki ustvarja idealne razmere na mirnih vodah za testiranje hitrosti va\u0161e deske . Topel poletni termalni veter &#8220;&#8221; Maestral &#8220;&#8221; piha vsak dan 1:00-06:00 in vam daje prilo\u017enost, spro\u0161\u010dene freeride .<br \/>\nNajbolj\u0161a stvar je, da je Ninski zaliv zaprt z vseh strani , tako da ni nevarnosti , da vas veter odna\u0161a na odprto morje . Sabunike je idealna lokacija za tako izku\u0161ene deskarje , kakor tudi za za\u010detnike, ki bodo sposobni , da se nau\u010dijo svoje spretnosti v windsurf \u0161oli na pla\u017ei Sabunike . Aktivno pre\u017eivete svoje po\u010ditnice in se nau\u010dite, kako surfati ,\u00a0 zagotavljamo vam, da se boste naslednje leto vrnili v vetrovni .Tukaj manjkate samo VI.<\/p>\n<p><a href=\"https:\/\/apartmani-luca.com\/wp-content\/uploads\/2011\/11\/21.jpg\"><img loading=\"lazy\" class=\"size-medium wp-image-412 alignleft\" alt=\"2\" src=\"https:\/\/apartmani-luca.com\/wp-content\/uploads\/2011\/11\/21-300x217.jpg\" width=\"300\" height=\"217\" srcset=\"https:\/\/apartmani-luca.com\/wp-content\/uploads\/2011\/11\/21-300x217.jpg 300w, https:\/\/apartmani-luca.com\/wp-content\/uploads\/2011\/11\/21-222x160.jpg 222w, https:\/\/apartmani-luca.com\/wp-content\/uploads\/2011\/11\/21.jpg 640w\" sizes=\"(max-width: 300px) 100vw, 300px\" \/><\/a>Dostop do pla\u017ee je zagotovljen s treh strani, dva dostopa neposredno iz Nina in eden od Sabunike, z avtomobilom se lahko pripeljete blizu morja . Parkiri\u0161\u010de je zagotovljeno tudi na pla\u017ei.<br \/>\nPosebna atrakcija Sabunike je plitvo morje, ki\u00a0 v kombinaciji s pe\u0161\u010denim dnom ustvarja pogoje, ki jih je mogo\u010de najti le v tropih. Na razdaljah do 200 m od morske obale, je le 1 m globoko. Idealni pogoji za freestyle, ker vsak neuspeli trik zaklju\u010dite s po\u010dasnim beach startom in v trenutku ste pripravljeni, da poskusite znova.<\/p>\n<p>&nbsp;<\/p>\n<p>&nbsp;<\/p>\n<p><img loading=\"lazy\" class=\"size-medium wp-image-413 alignleft\" alt=\"3\" src=\"https:\/\/apartmani-luca.com\/wp-content\/uploads\/2011\/11\/31-300x159.jpg\" width=\"300\" height=\"159\" srcset=\"https:\/\/apartmani-luca.com\/wp-content\/uploads\/2011\/11\/31-300x159.jpg 300w, https:\/\/apartmani-luca.com\/wp-content\/uploads\/2011\/11\/31.jpg 800w\" sizes=\"(max-width: 300px) 100vw, 300px\" \/>Zaradi plitvega morja, je ta\u00a0 pla\u017ea najbolj privla\u010dna v Jadranskem morju, za\u00a0 u\u010denje kitesurfinga. V burji se boste vozili vzporedno z obalo po celi dol\u017eini pla\u017ee, kar vam omogo\u010da varno surfanje in u\u017eivanja v vetru.<\/p>\n<p>&nbsp;<\/p>\n<p>&nbsp;<\/p>\n<p>&nbsp;<\/p>\n<p><a href=\"https:\/\/apartmani-luca.com\/wp-content\/uploads\/2011\/11\/sabunike-bura.jpg\"><img loading=\"lazy\" class=\"size-full wp-image-46 alignleft\" title=\"sabunike-bura\" alt=\"\" src=\"https:\/\/apartmani-luca.com\/wp-content\/uploads\/2011\/11\/sabunike-bura.jpg\" width=\"300\" height=\"225\" \/><\/a>Se spra\u0161ujete, kaj \u010de \u017eelite voziti formulo, pa tako je plitko? Ni problema. Na vzhodni strani morja bli\u017eje Nina je morja\u00a0 dovolj globoko za formulo in njeno 70 cm plavut. &#8221;<\/p>\n<p><a href=\"http:\/\/prognoza.hr\/karte_e.php?id=dada&amp;param=zd&amp;it=63\" target=\"_blank\">\u00a0veter napoved<\/a><\/p>\n","protected":false},"excerpt":{"rendered":"<p>Windsurfing Pla\u017ea Sabunike je eden izmed najbolj znanih windsurf spotov na Hrva\u0161kem. Zna\u010dilni trije\u00a0 vetrovi, burja, Jugo in Maestral, od katerih ima vsaka svoj \u200b\u200b\u010dar . Burj ima popolnoma odprto pot od Velebita kanala in pogosto dose\u017ee hitrost ve\u010djo od 50 vozlov ! Jugo, vetrne elektrarne na morju , ki ustvarja idealne razmere na mirnih vodah za testiranje hitrosti va\u0161e deske . Topel poletni termalni veter &#8220;&#8221; Maestral &#8220;&#8221; piha vsak dan 1:00-06:00 in vam daje prilo\u017enost, spro\u0161\u010dene freeride . Najbolj\u0161a stvar je, da je Ninski zaliv zaprt z vseh strani , tako da ni nevarnosti , da vas veter odna\u0161a na odprto morje . Sabunike je idealna lokacija za tako izku\u0161ene deskarje , kakor tudi za za\u010detnike, ki bodo sposobni , da se nau\u010dijo svoje spretnosti v windsurf \u0161oli na pla\u017ei Sabunike . Aktivno pre\u017eivete svoje po\u010ditnice in se nau\u010dite, kako surfati ,\u00a0 zagotavljamo vam, da se boste naslednje leto vrnili v vetrovni .Tukaj manjkate samo VI. Dostop do pla\u017ee je zagotovljen s treh strani, dva dostopa neposredno iz Nina in eden od Sabunike, z avtomobilom se lahko pripeljete blizu morja . Parkiri\u0161\u010de je zagotovljeno tudi na pla\u017ei. Posebna atrakcija Sabunike je plitvo morje, ki\u00a0 v kombinaciji s pe\u0161\u010denim dnom ustvarja pogoje, ki jih je mogo\u010de najti le v tropih. Na razdaljah do 200 m od morske obale, je le 1 m globoko. Idealni pogoji za freestyle, ker vsak neuspeli trik zaklju\u010dite s po\u010dasnim beach startom in v trenutku ste pripravljeni, da poskusite znova. &nbsp; &nbsp; Zaradi plitvega morja, je ta\u00a0 pla\u017ea najbolj privla\u010dna v Jadranskem morju, za\u00a0 u\u010denje kitesurfinga. V burji se boste vozili vzporedno z obalo po celi dol\u017eini pla\u017ee, kar vam omogo\u010da varno surfanje in u\u017eivanja v vetru. &nbsp; &nbsp; &nbsp; Se spra\u0161ujete, kaj \u010de \u017eelite voziti formulo, pa tako je plitko? Ni problema. Na vzhodni strani morja bli\u017eje Nina je morja\u00a0 dovolj globoko za formulo in njeno 70 cm plavut. &#8221; \u00a0veter napoved<\/p>\n","protected":false},"author":2,"featured_media":663,"parent":0,"menu_order":4,"comment_status":"closed","ping_status":"closed","template":"","meta":[],"_links":{"self":[{"href":"https:\/\/apartmani-luca.com\/sl\/wp-json\/wp\/v2\/pages\/547"}],"collection":[{"href":"https:\/\/apartmani-luca.com\/sl\/wp-json\/wp\/v2\/pages"}],"about":[{"href":"https:\/\/apartmani-luca.com\/sl\/wp-json\/wp\/v2\/types\/page"}],"author":[{"embeddable":true,"href":"https:\/\/apartmani-luca.com\/sl\/wp-json\/wp\/v2\/users\/2"}],"replies":[{"embeddable":true,"href":"https:\/\/apartmani-luca.com\/sl\/wp-json\/wp\/v2\/comments?post=547"}],"version-history":[{"count":19,"href":"https:\/\/apartmani-luca.com\/sl\/wp-json\/wp\/v2\/pages\/547\/revisions"}],"predecessor-version":[{"id":954,"href":"https:\/\/apartmani-luca.com\/sl\/wp-json\/wp\/v2\/pages\/547\/revisions\/954"}],"wp:featuredmedia":[{"embeddable":true,"href":"https:\/\/apartmani-luca.com\/sl\/wp-json\/wp\/v2\/media\/663"}],"wp:attachment":[{"href":"https:\/\/apartmani-luca.com\/sl\/wp-json\/wp\/v2\/media?parent=547"}],"curies":[{"name":"wp","href":"https:\/\/api.w.org\/{rel}","templated":true}]}}