{"id":519,"date":"2014-02-09T23:25:39","date_gmt":"2014-02-09T22:25:39","guid":{"rendered":"https:\/\/apartmani-luca.com\/?page_id=519"},"modified":"2020-06-19T05:13:36","modified_gmt":"2020-06-19T04:13:36","slug":"o-apartmajih","status":"publish","type":"page","link":"https:\/\/apartmani-luca.com\/sl\/o-apartmajih\/","title":{"rendered":"Apartmaji"},"content":{"rendered":"[vc_row][vc_column][vc_column_text css=&#8221;.vc_custom_1450002638896{margin-top: 70px !important;margin-bottom: 40px !important;}&#8221;]<a name=\"apartmani\"><\/a><\/p>\n<h1 style=\"text-align: center;\"><span style=\"color: #808080;\"><strong>Apartmaji<\/strong><\/span><\/h1>\n[\/vc_column_text][\/vc_column][\/vc_row][vc_row][vc_column][vc_column_text]\n<p style=\"text-align: justify;\"><span style=\"color: #8c8c8c;\"><strong>\u201cLuca Apartmaji\u201d<\/strong> se nahajajo v bli\u017eini mesta Nin s slavno preteklostjo in katedralo hrva\u0161kih vladarjev. Od morja so odaljeni 150 m, nudijo vam sprostitev v gosti senci fige in vinske trte.<\/span><\/p>\n<p style=\"text-align: justify;\"><span style=\"color: #8c8c8c;\">V ponudbi imamo tudi avtenti\u010dno vino, pridelano na tradicionalen na\u010din. Vinogradi se nahajajo v neposredni bli\u017eini stanovanj in s tem prispevajo \u201czeleno\u201d okolje v katerem lahko u\u017eivate.<\/span><\/p>\n[\/vc_column_text][\/vc_column][\/vc_row][vc_row][vc_column width=&#8221;1\/4&#8243;]<a href=\"https:\/\/apartmani-luca.com\/sl\/domov\/modra\/\"  class=\"ult_price_action_button\" style=\"background:#447c9a;color:#ffffff;\"><div class=\"ult_pricing_table_wrap ult_info_table ult_design_5  ult-cs-custom  \">\r\n\t\t\t\t\t<div class=\"ult_pricing_table \" style=\"background:#e0e0e0;color:#8c8c8c; \"><div id=\"Info-table-wrap-5179\" class=\"ult_pricing_heading\" style=\"background:#447c9a;color:#ffffff;\">\r\n\t\t\t\t\t\t\t<h3 class=\"ult-responsive\"  data-ultimate-target='#Info-table-wrap-5179 h3'  data-responsive-json-new='{\"font-size\":\"desktop:30px;\",\"line-height\":\"\"}'  style=\"font-weight:bold;\">Modra<\/h3><\/div><!--ult_pricing_heading--><div class=\"ult_price_body_block\" style=\"background:#447c9a;color:#ffffff;\">\r\n\t\t\t\t\t\t\t<div class=\"ult_price_body\">\r\n\t\t\t\t\t\t\t\t<div class=\"ult_price\">\r\n\t\t\t\t\t\t\t\t\t<div class=\"ult-just-icon-wrapper  \"><div class=\"align-icon\" style=\"text-align:center;\">\n<div class=\"aio-icon-img \" style=\"font-size:200px;display:inline-block;\" >\n\t<img class=\"img-icon\" alt=\"\" src=\"https:\/\/apartmani-luca.com\/wp-content\/uploads\/2020\/06\/okvir-plavi.png\"\/>\n<\/div><\/div><\/div>\r\n\t\t\t\t\t\t\t\t<\/div>\r\n\t\t\t\t\t\t\t<\/div>\r\n\t\t\t\t\t\t<\/div><!--ult_price_body_block--><div id=\"info_table_features_wrap-1883\"  data-ultimate-target='#info_table_features_wrap-1883.ult_price_features'  data-responsive-json-new='{\"font-size\":\"desktop:30px;\",\"line-height\":\"desktop:30px;\"}'  class=\"ult-responsive ult_price_features\" style=\"font-weight:normal;\">\r\n\t\t\t\t\t\t\t<p style=\"margin: 15px;\">A2+2<\/p>\n\r\n\t\t\t\t\t\t<\/div><!--ult_price_features--><div class=\"ult_clr\"><\/div>\r\n\t\t\t<\/div><!--pricing_table-->\r\n\t\t<\/div><!--pricing_table_wrap--><\/a>[\/vc_column][vc_column width=&#8221;1\/4&#8243;]<a href=\"https:\/\/apartmani-luca.com\/sl\/domov\/oranzna\/\"  class=\"ult_price_action_button\" style=\"background:#efa056;color:#ffffff;\"><div class=\"ult_pricing_table_wrap ult_info_table ult_design_5  ult-cs-custom  \">\r\n\t\t\t\t\t<div class=\"ult_pricing_table \" style=\"background:#e0e0e0;color:#8c8c8c; \"><div id=\"Info-table-wrap-4421\" class=\"ult_pricing_heading\" style=\"background:#efa056;color:#ffffff;\">\r\n\t\t\t\t\t\t\t<h3 class=\"ult-responsive\"  data-ultimate-target='#Info-table-wrap-4421 h3'  data-responsive-json-new='{\"font-size\":\"desktop:30px;\",\"line-height\":\"\"}'  style=\"font-weight:bold;\">Oran\u017ena<\/h3><\/div><!--ult_pricing_heading--><div class=\"ult_price_body_block\" style=\"background:#efa056;color:#ffffff;\">\r\n\t\t\t\t\t\t\t<div class=\"ult_price_body\">\r\n\t\t\t\t\t\t\t\t<div class=\"ult_price\">\r\n\t\t\t\t\t\t\t\t\t<div class=\"ult-just-icon-wrapper  \"><div class=\"align-icon\" style=\"text-align:center;\">\n<div class=\"aio-icon-img \" style=\"font-size:200px;display:inline-block;\" >\n\t<img class=\"img-icon\" alt=\"\" src=\"https:\/\/apartmani-luca.com\/wp-content\/uploads\/2020\/06\/okvir-narancasti.png\"\/>\n<\/div><\/div><\/div>\r\n\t\t\t\t\t\t\t\t<\/div>\r\n\t\t\t\t\t\t\t<\/div>\r\n\t\t\t\t\t\t<\/div><!--ult_price_body_block--><div id=\"info_table_features_wrap-4685\"  data-ultimate-target='#info_table_features_wrap-4685.ult_price_features'  data-responsive-json-new='{\"font-size\":\"desktop:30px;\",\"line-height\":\"desktop:30px;\"}'  class=\"ult-responsive ult_price_features\" style=\"font-weight:normal;\">\r\n\t\t\t\t\t\t\t<p style=\"margin: 15px;\">A4<\/p>\n\r\n\t\t\t\t\t\t<\/div><!--ult_price_features--><div class=\"ult_clr\"><\/div>\r\n\t\t\t<\/div><!--pricing_table-->\r\n\t\t<\/div><!--pricing_table_wrap--><\/a>[\/vc_column][vc_column width=&#8221;1\/4&#8243;]<a href=\"https:\/\/apartmani-luca.com\/sl\/domov\/rumena\/\"  class=\"ult_price_action_button\" style=\"background:#f3d164;color:#ffffff;\"><div class=\"ult_pricing_table_wrap ult_info_table ult_design_5  ult-cs-custom  \">\r\n\t\t\t\t\t<div class=\"ult_pricing_table \" style=\"background:#e0e0e0;color:#8c8c8c; \"><div id=\"Info-table-wrap-4549\" class=\"ult_pricing_heading\" style=\"background:#f3d164;color:#ffffff;\">\r\n\t\t\t\t\t\t\t<h3 class=\"ult-responsive\"  data-ultimate-target='#Info-table-wrap-4549 h3'  data-responsive-json-new='{\"font-size\":\"desktop:30px;\",\"line-height\":\"\"}'  style=\"font-weight:bold;\">Rumena<\/h3><\/div><!--ult_pricing_heading--><div class=\"ult_price_body_block\" style=\"background:#f3d164;color:#ffffff;\">\r\n\t\t\t\t\t\t\t<div class=\"ult_price_body\">\r\n\t\t\t\t\t\t\t\t<div class=\"ult_price\">\r\n\t\t\t\t\t\t\t\t\t<div class=\"ult-just-icon-wrapper  \"><div class=\"align-icon\" style=\"text-align:center;\">\n<div class=\"aio-icon-img \" style=\"font-size:200px;display:inline-block;\" >\n\t<img class=\"img-icon\" alt=\"\" src=\"https:\/\/apartmani-luca.com\/wp-content\/uploads\/2020\/06\/okvir-zuti.png\"\/>\n<\/div><\/div><\/div>\r\n\t\t\t\t\t\t\t\t<\/div>\r\n\t\t\t\t\t\t\t<\/div>\r\n\t\t\t\t\t\t<\/div><!--ult_price_body_block--><div id=\"info_table_features_wrap-8615\"  data-ultimate-target='#info_table_features_wrap-8615.ult_price_features'  data-responsive-json-new='{\"font-size\":\"desktop:30px;\",\"line-height\":\"desktop:30px;\"}'  class=\"ult-responsive ult_price_features\" style=\"font-weight:normal;\">\r\n\t\t\t\t\t\t\t<p style=\"margin: 15px;\">A2+2<\/p>\n\r\n\t\t\t\t\t\t<\/div><!--ult_price_features--><div class=\"ult_clr\"><\/div>\r\n\t\t\t<\/div><!--pricing_table-->\r\n\t\t<\/div><!--pricing_table_wrap--><\/a>[\/vc_column][vc_column width=&#8221;1\/4&#8243;]<a href=\"https:\/\/apartmani-luca.com\/sl\/domov\/rjava\/\"  class=\"ult_price_action_button\" style=\"background:#aa7039;color:#ffffff;\"><div class=\"ult_pricing_table_wrap ult_info_table ult_design_5  ult-cs-custom  \">\r\n\t\t\t\t\t<div class=\"ult_pricing_table \" style=\"background:#e0e0e0;color:#8c8c8c; \"><div id=\"Info-table-wrap-1222\" class=\"ult_pricing_heading\" style=\"background:#aa7039;color:#ffffff;\">\r\n\t\t\t\t\t\t\t<h3 class=\"ult-responsive\"  data-ultimate-target='#Info-table-wrap-1222 h3'  data-responsive-json-new='{\"font-size\":\"desktop:30px;\",\"line-height\":\"\"}'  style=\"font-weight:bold;\">Rjava<\/h3><\/div><!--ult_pricing_heading--><div class=\"ult_price_body_block\" style=\"background:#aa7039;color:#ffffff;\">\r\n\t\t\t\t\t\t\t<div class=\"ult_price_body\">\r\n\t\t\t\t\t\t\t\t<div class=\"ult_price\">\r\n\t\t\t\t\t\t\t\t\t<div class=\"ult-just-icon-wrapper  \"><div class=\"align-icon\" style=\"text-align:center;\">\n<div class=\"aio-icon-img \" style=\"font-size:200px;display:inline-block;\" >\n\t<img class=\"img-icon\" alt=\"\" src=\"https:\/\/apartmani-luca.com\/wp-content\/uploads\/2020\/06\/okvir-smedi.png\"\/>\n<\/div><\/div><\/div>\r\n\t\t\t\t\t\t\t\t<\/div>\r\n\t\t\t\t\t\t\t<\/div>\r\n\t\t\t\t\t\t<\/div><!--ult_price_body_block--><div id=\"info_table_features_wrap-2609\"  data-ultimate-target='#info_table_features_wrap-2609.ult_price_features'  data-responsive-json-new='{\"font-size\":\"desktop:30px;\",\"line-height\":\"desktop:30px;\"}'  class=\"ult-responsive ult_price_features\" style=\"font-weight:normal;\">\r\n\t\t\t\t\t\t\t<p style=\"margin: 15px;\">A4<\/p>\n\r\n\t\t\t\t\t\t<\/div><!--ult_price_features--><div class=\"ult_clr\"><\/div>\r\n\t\t\t<\/div><!--pricing_table-->\r\n\t\t<\/div><!--pricing_table_wrap--><\/a>[\/vc_column][\/vc_row][vc_row][vc_column width=&#8221;1\/4&#8243;]<a href=\"https:\/\/apartmani-luca.com\/sl\/domov\/bela\/\"  class=\"ult_price_action_button\" style=\"background:#adadad;color:#ffffff;\"><div class=\"ult_pricing_table_wrap ult_info_table ult_design_5  ult-cs-custom  \">\r\n\t\t\t\t\t<div class=\"ult_pricing_table \" style=\"background:#e0e0e0;color:#8c8c8c; \"><div id=\"Info-table-wrap-7934\" class=\"ult_pricing_heading\" style=\"background:#adadad;color:#ffffff;\">\r\n\t\t\t\t\t\t\t<h3 class=\"ult-responsive\"  data-ultimate-target='#Info-table-wrap-7934 h3'  data-responsive-json-new='{\"font-size\":\"desktop:30px;\",\"line-height\":\"\"}'  style=\"font-weight:bold;\">Bela<\/h3><\/div><!--ult_pricing_heading--><div class=\"ult_price_body_block\" style=\"background:#adadad;color:#ffffff;\">\r\n\t\t\t\t\t\t\t<div class=\"ult_price_body\">\r\n\t\t\t\t\t\t\t\t<div class=\"ult_price\">\r\n\t\t\t\t\t\t\t\t\t<div class=\"ult-just-icon-wrapper  \"><div class=\"align-icon\" style=\"text-align:center;\">\n<div class=\"aio-icon-img \" style=\"font-size:200px;display:inline-block;\" >\n\t<img class=\"img-icon\" alt=\"\" src=\"https:\/\/apartmani-luca.com\/wp-content\/uploads\/2015\/12\/bijeli-okvir.png\"\/>\n<\/div><\/div><\/div>\r\n\t\t\t\t\t\t\t\t<\/div>\r\n\t\t\t\t\t\t\t<\/div>\r\n\t\t\t\t\t\t<\/div><!--ult_price_body_block--><div id=\"info_table_features_wrap-6948\"  data-ultimate-target='#info_table_features_wrap-6948.ult_price_features'  data-responsive-json-new='{\"font-size\":\"desktop:30px;\",\"line-height\":\"desktop:30px;\"}'  class=\"ult-responsive ult_price_features\" style=\"font-weight:normal;\">\r\n\t\t\t\t\t\t\t<p style=\"margin: 15px;\">A4+1<\/p>\n\r\n\t\t\t\t\t\t<\/div><!--ult_price_features--><div class=\"ult_clr\"><\/div>\r\n\t\t\t<\/div><!--pricing_table-->\r\n\t\t<\/div><!--pricing_table_wrap--><\/a>[\/vc_column][vc_column width=&#8221;1\/4&#8243;]<a href=\"https:\/\/apartmani-luca.com\/sl\/domov\/lila\/\"  class=\"ult_price_action_button\" style=\"background:#6761a8;color:#ffffff;\"><div class=\"ult_pricing_table_wrap ult_info_table ult_design_5  ult-cs-custom  \">\r\n\t\t\t\t\t<div class=\"ult_pricing_table \" style=\"background:#e0e0e0;color:#8c8c8c; \"><div id=\"Info-table-wrap-2118\" class=\"ult_pricing_heading\" style=\"background:#6761a8;color:#ffffff;\">\r\n\t\t\t\t\t\t\t<h3 class=\"ult-responsive\"  data-ultimate-target='#Info-table-wrap-2118 h3'  data-responsive-json-new='{\"font-size\":\"desktop:30px;\",\"line-height\":\"\"}'  style=\"font-weight:bold;\">Lila<\/h3><\/div><!--ult_pricing_heading--><div class=\"ult_price_body_block\" style=\"background:#6761a8;color:#ffffff;\">\r\n\t\t\t\t\t\t\t<div class=\"ult_price_body\">\r\n\t\t\t\t\t\t\t\t<div class=\"ult_price\">\r\n\t\t\t\t\t\t\t\t\t<div class=\"ult-just-icon-wrapper  \"><div class=\"align-icon\" style=\"text-align:center;\">\n<div class=\"aio-icon-img \" style=\"font-size:200px;display:inline-block;\" >\n\t<img class=\"img-icon\" alt=\"\" src=\"https:\/\/apartmani-luca.com\/wp-content\/uploads\/2015\/12\/ljubicasti-okvir.png\"\/>\n<\/div><\/div><\/div>\r\n\t\t\t\t\t\t\t\t<\/div>\r\n\t\t\t\t\t\t\t<\/div>\r\n\t\t\t\t\t\t<\/div><!--ult_price_body_block--><div id=\"info_table_features_wrap-5186\"  data-ultimate-target='#info_table_features_wrap-5186.ult_price_features'  data-responsive-json-new='{\"font-size\":\"desktop:30px;\",\"line-height\":\"desktop:30px;\"}'  class=\"ult-responsive ult_price_features\" style=\"font-weight:normal;\">\r\n\t\t\t\t\t\t\t<p style=\"margin: 15px;\">A4+1<\/p>\n\r\n\t\t\t\t\t\t<\/div><!--ult_price_features--><div class=\"ult_clr\"><\/div>\r\n\t\t\t<\/div><!--pricing_table-->\r\n\t\t<\/div><!--pricing_table_wrap--><\/a>[\/vc_column][vc_column width=&#8221;1\/4&#8243;]<a href=\"https:\/\/apartmani-luca.com\/sl\/domov\/zelena\/\"  class=\"ult_price_action_button\" style=\"background:#69b569;color:#ffffff;\"><div class=\"ult_pricing_table_wrap ult_info_table ult_design_5  ult-cs-custom  \">\r\n\t\t\t\t\t<div class=\"ult_pricing_table \" style=\"background:#e0e0e0;color:#8c8c8c; \"><div id=\"Info-table-wrap-8060\" class=\"ult_pricing_heading\" style=\"background:#69b569;color:#ffffff;\">\r\n\t\t\t\t\t\t\t<h3 class=\"ult-responsive\"  data-ultimate-target='#Info-table-wrap-8060 h3'  data-responsive-json-new='{\"font-size\":\"desktop:30px;\",\"line-height\":\"\"}'  style=\"font-weight:bold;\">Zelena<\/h3><\/div><!--ult_pricing_heading--><div class=\"ult_price_body_block\" style=\"background:#69b569;color:#ffffff;\">\r\n\t\t\t\t\t\t\t<div class=\"ult_price_body\">\r\n\t\t\t\t\t\t\t\t<div class=\"ult_price\">\r\n\t\t\t\t\t\t\t\t\t<div class=\"ult-just-icon-wrapper  \"><div class=\"align-icon\" style=\"text-align:center;\">\n<div class=\"aio-icon-img \" style=\"font-size:200px;display:inline-block;\" >\n\t<img class=\"img-icon\" alt=\"\" src=\"https:\/\/apartmani-luca.com\/wp-content\/uploads\/2020\/06\/okvir-zeleni.png\"\/>\n<\/div><\/div><\/div>\r\n\t\t\t\t\t\t\t\t<\/div>\r\n\t\t\t\t\t\t\t<\/div>\r\n\t\t\t\t\t\t<\/div><!--ult_price_body_block--><div id=\"info_table_features_wrap-2402\"  data-ultimate-target='#info_table_features_wrap-2402.ult_price_features'  data-responsive-json-new='{\"font-size\":\"desktop:30px;\",\"line-height\":\"desktop:30px;\"}'  class=\"ult-responsive ult_price_features\" style=\"font-weight:normal;\">\r\n\t\t\t\t\t\t\t<p style=\"margin: 15px;\">A4<\/p>\n\r\n\t\t\t\t\t\t<\/div><!--ult_price_features--><div class=\"ult_clr\"><\/div>\r\n\t\t\t<\/div><!--pricing_table-->\r\n\t\t<\/div><!--pricing_table_wrap--><\/a>[\/vc_column][vc_column width=&#8221;1\/4&#8243;]<a href=\"https:\/\/apartmani-luca.com\/sl\/domov\/galerija\/\"  class=\"ult_price_action_button\" style=\"background:#f9f9f9;color:#f9f9f9;\"><div class=\"ult_pricing_table_wrap ult_info_table ult_design_5  ult-cs-custom  \">\r\n\t\t\t\t\t<div class=\"ult_pricing_table \" style=\"background:#e0e0e0;color:#8c8c8c; \"><div id=\"Info-table-wrap-2391\" class=\"ult_pricing_heading\" style=\"background:#f9f9f9;color:#f9f9f9;\">\r\n\t\t\t\t\t\t\t<h3 class=\"ult-responsive\"  data-ultimate-target='#Info-table-wrap-2391 h3'  data-responsive-json-new='{\"font-size\":\"desktop:30px;\",\"line-height\":\"\"}'  style=\"font-weight:bold;\">...<\/h3><\/div><!--ult_pricing_heading--><div class=\"ult_price_body_block\" style=\"background:#f9f9f9;color:#f9f9f9;\">\r\n\t\t\t\t\t\t\t<div class=\"ult_price_body\">\r\n\t\t\t\t\t\t\t\t<div class=\"ult_price\">\r\n\t\t\t\t\t\t\t\t\t<div class=\"ult-just-icon-wrapper  \"><div class=\"align-icon\" style=\"text-align:center;\">\n<div class=\"aio-icon-img \" style=\"font-size:200px;display:inline-block;\" >\n\t<img class=\"img-icon\" alt=\"\" src=\"https:\/\/apartmani-luca.com\/wp-content\/uploads\/2020\/06\/okvir-galerija.png\"\/>\n<\/div><\/div><\/div>\r\n\t\t\t\t\t\t\t\t<\/div>\r\n\t\t\t\t\t\t\t<\/div>\r\n\t\t\t\t\t\t<\/div><!--ult_price_body_block--><div id=\"info_table_features_wrap-4719\"  data-ultimate-target='#info_table_features_wrap-4719.ult_price_features'  data-responsive-json-new='{\"font-size\":\"desktop:30px;\",\"line-height\":\"desktop:30px;\"}'  class=\"ult-responsive ult_price_features\" style=\"font-weight:normal;\">\r\n\t\t\t\t\t\t\t<p style=\"margin: 15px;\">Galerija<\/p>\n\r\n\t\t\t\t\t\t<\/div><!--ult_price_features--><div class=\"ult_clr\"><\/div>\r\n\t\t\t<\/div><!--pricing_table-->\r\n\t\t<\/div><!--pricing_table_wrap--><\/a>[\/vc_column][\/vc_row][vc_row][\/vc_row][vc_column][\/vc_column]\n","protected":false},"excerpt":{"rendered":"<p>[vc_row][vc_column][vc_column_text css=&#8221;.vc_custom_1450002638896{margin-top: 70px !important;margin-bottom: 40px !important;}&#8221;] Apartmaji [\/vc_column_text][\/vc_column][\/vc_row][vc_row][vc_column][vc_column_text] \u201cLuca Apartmaji\u201d se nahajajo v bli\u017eini mesta Nin s slavno preteklostjo in katedralo hrva\u0161kih vladarjev. Od morja so odaljeni 150 m, nudijo vam sprostitev v gosti senci fige in vinske trte. V ponudbi imamo tudi avtenti\u010dno vino, pridelano na tradicionalen na\u010din. Vinogradi se nahajajo v neposredni bli\u017eini stanovanj in s tem prispevajo \u201czeleno\u201d okolje v katerem lahko u\u017eivate. [\/vc_column_text][\/vc_column][\/vc_row][vc_row][vc_column width=&#8221;1\/4&#8243;][\/vc_column][vc_column width=&#8221;1\/4&#8243;][\/vc_column][vc_column width=&#8221;1\/4&#8243;][\/vc_column][vc_column width=&#8221;1\/4&#8243;][\/vc_column][\/vc_row][vc_row][vc_column width=&#8221;1\/4&#8243;][\/vc_column][vc_column width=&#8221;1\/4&#8243;][\/vc_column][vc_column width=&#8221;1\/4&#8243;][\/vc_column][vc_column width=&#8221;1\/4&#8243;][\/vc_column][\/vc_row][vc_row][\/vc_row][vc_column][\/vc_column]<\/p>\n","protected":false},"author":2,"featured_media":0,"parent":0,"menu_order":1,"comment_status":"closed","ping_status":"closed","template":"","meta":[],"_links":{"self":[{"href":"https:\/\/apartmani-luca.com\/sl\/wp-json\/wp\/v2\/pages\/519"}],"collection":[{"href":"https:\/\/apartmani-luca.com\/sl\/wp-json\/wp\/v2\/pages"}],"about":[{"href":"https:\/\/apartmani-luca.com\/sl\/wp-json\/wp\/v2\/types\/page"}],"author":[{"embeddable":true,"href":"https:\/\/apartmani-luca.com\/sl\/wp-json\/wp\/v2\/users\/2"}],"replies":[{"embeddable":true,"href":"https:\/\/apartmani-luca.com\/sl\/wp-json\/wp\/v2\/comments?post=519"}],"version-history":[{"count":13,"href":"https:\/\/apartmani-luca.com\/sl\/wp-json\/wp\/v2\/pages\/519\/revisions"}],"predecessor-version":[{"id":2703,"href":"https:\/\/apartmani-luca.com\/sl\/wp-json\/wp\/v2\/pages\/519\/revisions\/2703"}],"wp:attachment":[{"href":"https:\/\/apartmani-luca.com\/sl\/wp-json\/wp\/v2\/media?parent=519"}],"curies":[{"name":"wp","href":"https:\/\/api.w.org\/{rel}","templated":true}]}}