{"id":652,"date":"2014-02-10T02:21:55","date_gmt":"2014-02-10T01:21:55","guid":{"rendered":"https:\/\/apartmani-luca.com\/?page_id=652"},"modified":"2014-06-10T09:39:15","modified_gmt":"2014-06-10T08:39:15","slug":"wind-kitesurfing-2","status":"publish","type":"page","link":"https:\/\/apartmani-luca.com\/sk\/wind-kitesurfing-2\/","title":{"rendered":"Wind &#038; Kitesurfing"},"content":{"rendered":"<h2 class=\"pagetitle \">Wind &amp; Kitesurfing<\/h2>\n<p><a href=\"https:\/\/apartmani-luca.com\/wp-content\/uploads\/2011\/11\/Sabunike4.jpg\"><img loading=\"lazy\" class=\"size-full wp-image-45 alignleft\" title=\"Sabunike4\" alt=\"\" src=\"https:\/\/apartmani-luca.com\/wp-content\/uploads\/2011\/11\/Sabunike4.jpg\" width=\"300\" height=\"224\" \/><\/a><\/p>\n<p>Nin Beach Sabunike je jedn\u00fdm z najzn\u00e1mej\u0161\u00edch windsurfingov\u00fdch miest v Chorv\u00e1tsku. Vyzna\u010duje sa tromi vetrami &#8220;Bura&#8221;, &#8220;Jugo&#8221; a &#8220;Maestral&#8221;, z ktor\u00fdch ka\u017ed\u00fd m\u00e1 vlastn\u00e9 k\u00fazlo.<br \/>\n&#8220;Bura&#8221; m\u00e1 \u00faplne otvoren\u00fa cestu z Velebit kan\u00e1la a \u010dasto dosahuje r\u00fdchlosti v\u00e4\u010d\u0161ie ako 50 uzlov! &#8220;Jugo&#8221;, pobre\u017en\u00fd vietor, vytv\u00e1ra ide\u00e1lne podmienky pre testovanie r\u00fdchlosti va\u0161ich dosiek. Tepl\u00fd letn\u00fd term\u00e1lny vietor &#8220;Maestral&#8221; f\u00faka ka\u017ed\u00fd de\u0148 od 13tej do 18tej hodiny a d\u00e1va v\u00e1m mo\u017enos\u0165 uvo\u013enenej jazdy.<br \/>\nNajlep\u0161ie na celom je, \u017ee Ninsk\u00fd Z\u00e1liv je uzatvoren\u00fd zo v\u0161etk\u00fdch str\u00e1n, tak\u017ee nehroz\u00ed nebezpe\u010denstvo, \u017ee v\u00e1s vietor odnesie na otvoren\u00e9 more. Sabunike je ide\u00e1lnym miestom ako pre sk\u00fasen\u00fdch surferov, tak aj pre za\u010diato\u010dn\u00edkov, ktor\u00ed sa m\u00f4\u017eu nau\u010di\u0165 svoje zru\u010dnosti v \u0161kole windsurfingu na Sabunike pl\u00e1\u017ei. Pre\u017eite svoju dovolenku akt\u00edvne a nau\u010dite sa surfova\u0165, garantujeme v\u00e1m, \u017ee sa zase bud\u00faci rok vr\u00e1tite do vetern\u00e9ho Ninu.<\/p>\n<p>&nbsp;<\/p>\n<p><a href=\"https:\/\/apartmani-luca.com\/wp-content\/uploads\/2011\/11\/21.jpg\"><img loading=\"lazy\" class=\"size-medium wp-image-412 alignleft\" alt=\"2\" src=\"https:\/\/apartmani-luca.com\/wp-content\/uploads\/2011\/11\/21-300x217.jpg\" width=\"300\" height=\"217\" srcset=\"https:\/\/apartmani-luca.com\/wp-content\/uploads\/2011\/11\/21-300x217.jpg 300w, https:\/\/apartmani-luca.com\/wp-content\/uploads\/2011\/11\/21-222x160.jpg 222w, https:\/\/apartmani-luca.com\/wp-content\/uploads\/2011\/11\/21.jpg 640w\" sizes=\"(max-width: 300px) 100vw, 300px\" \/><\/a>Pr\u00edstup na pl\u00e1\u017e je zabezpe\u010den\u00fd z troch str\u00e1n, dvoch priamo od Ninu a jednej zo Sabunike, a m\u00f4\u017eete pr\u00eds\u0165 bl\u00edzko k moru autom. Parkovanie je tie\u017e k dispoz\u00edcii na pl\u00e1\u017ei.<\/p>\n<p>Dno je pieso\u010dn\u00e9 a \u0161peci\u00e1lnou atrakciou Sabunike je plytk\u00e9 more, \u010do v kombin\u00e1cii s pieso\u010dnat\u00fdm dnom vytv\u00e1ra podmienky, ktor\u00e9 mo\u017eno n\u00e1js\u0165 iba v tr\u00f3poch. Na vzdialenos\u0165 a\u017e 200 metrov od brehu, je voda len 1m hlbok\u00e1. Ide\u00e1lne podmienky pre freestyle, preto\u017ee ka\u017ed\u00fd nepodaren\u00fd trik skon\u010d\u00edte pekne na noh\u00e1ch a okam\u017eite ste pripraven\u00ed sk\u00fasi\u0165 to znova.<\/p>\n<p>&nbsp;<\/p>\n<p><a href=\"https:\/\/apartmani-luca.com\/wp-content\/uploads\/2011\/11\/31.jpg\"><img loading=\"lazy\" class=\"size-medium wp-image-413 alignleft\" alt=\"3\" src=\"https:\/\/apartmani-luca.com\/wp-content\/uploads\/2011\/11\/31-300x159.jpg\" width=\"300\" height=\"159\" srcset=\"https:\/\/apartmani-luca.com\/wp-content\/uploads\/2011\/11\/31-300x159.jpg 300w, https:\/\/apartmani-luca.com\/wp-content\/uploads\/2011\/11\/31.jpg 800w\" sizes=\"(max-width: 300px) 100vw, 300px\" \/><\/a>Vzh\u013eadom na plytk\u00e9 more, pl\u00e1\u017e je najatrakt\u00edvnej\u0161ia na Jadrane na u\u010denie sa kitesurfingu. Po\u010das &#8220;Bura&#8221; vetru budete jazdi\u0165 paralelne po celej d\u013a\u017eke pl\u00e1\u017ee, tak\u017ee sa nikdy nedostanete z plytkej z\u00f3ny, pokia\u013e len nebudete chcie\u0165.<\/p>\n<p>&nbsp;<\/p>\n<p>&nbsp;<\/p>\n<p>&nbsp;<\/p>\n<p><a href=\"https:\/\/apartmani-luca.com\/wp-content\/uploads\/2011\/11\/sabunike-bura.jpg\"><img loading=\"lazy\" class=\"size-full wp-image-46 alignleft\" title=\"sabunike-bura\" alt=\"\" src=\"https:\/\/apartmani-luca.com\/wp-content\/uploads\/2011\/11\/sabunike-bura.jpg\" width=\"300\" height=\"225\" \/><\/a><\/p>\n<p>P\u00fdtate sa, \u010do ak chcem riadi\u0165 formulu, ale more je tak\u00e9 plytk\u00e9? \u017diadny probl\u00e9m. Na v\u00fdchodnej strane pl\u00e1\u017ee bli\u017e\u0161ie k Ninu je more dostato\u010dne hlbok\u00e9 pre formulu a jej 70 cm plutvu.<\/p>\n<p><a href=\"http:\/\/prognoza.hr\/karte_e.php?id=dada&amp;param=zd&amp;it=63\" target=\"_blank\">\u00a0vietor Predpove\u010f po\u010dasia<\/a><\/p>\n","protected":false},"excerpt":{"rendered":"<p>Wind &amp; Kitesurfing Nin Beach Sabunike je jedn\u00fdm z najzn\u00e1mej\u0161\u00edch windsurfingov\u00fdch miest v Chorv\u00e1tsku. Vyzna\u010duje sa tromi vetrami &#8220;Bura&#8221;, &#8220;Jugo&#8221; a &#8220;Maestral&#8221;, z ktor\u00fdch ka\u017ed\u00fd m\u00e1 vlastn\u00e9 k\u00fazlo. &#8220;Bura&#8221; m\u00e1 \u00faplne otvoren\u00fa cestu z Velebit kan\u00e1la a \u010dasto dosahuje r\u00fdchlosti v\u00e4\u010d\u0161ie ako 50 uzlov! &#8220;Jugo&#8221;, pobre\u017en\u00fd vietor, vytv\u00e1ra ide\u00e1lne podmienky pre testovanie r\u00fdchlosti va\u0161ich dosiek. Tepl\u00fd letn\u00fd term\u00e1lny vietor &#8220;Maestral&#8221; f\u00faka ka\u017ed\u00fd de\u0148 od 13tej do 18tej hodiny a d\u00e1va v\u00e1m mo\u017enos\u0165 uvo\u013enenej jazdy. Najlep\u0161ie na celom je, \u017ee Ninsk\u00fd Z\u00e1liv je uzatvoren\u00fd zo v\u0161etk\u00fdch str\u00e1n, tak\u017ee nehroz\u00ed nebezpe\u010denstvo, \u017ee v\u00e1s vietor odnesie na otvoren\u00e9 more. Sabunike je ide\u00e1lnym miestom ako pre sk\u00fasen\u00fdch surferov, tak aj pre za\u010diato\u010dn\u00edkov, ktor\u00ed sa m\u00f4\u017eu nau\u010di\u0165 svoje zru\u010dnosti v \u0161kole windsurfingu na Sabunike pl\u00e1\u017ei. Pre\u017eite svoju dovolenku akt\u00edvne a nau\u010dite sa surfova\u0165, garantujeme v\u00e1m, \u017ee sa zase bud\u00faci rok vr\u00e1tite do vetern\u00e9ho Ninu. &nbsp; Pr\u00edstup na pl\u00e1\u017e je zabezpe\u010den\u00fd z troch str\u00e1n, dvoch priamo od Ninu a jednej zo Sabunike, a m\u00f4\u017eete pr\u00eds\u0165 bl\u00edzko k moru autom. Parkovanie je tie\u017e k dispoz\u00edcii na pl\u00e1\u017ei. Dno je pieso\u010dn\u00e9 a \u0161peci\u00e1lnou atrakciou Sabunike je plytk\u00e9 more, \u010do v kombin\u00e1cii s pieso\u010dnat\u00fdm dnom vytv\u00e1ra podmienky, ktor\u00e9 mo\u017eno n\u00e1js\u0165 iba v tr\u00f3poch. Na vzdialenos\u0165 a\u017e 200 metrov od brehu, je voda len 1m hlbok\u00e1. Ide\u00e1lne podmienky pre freestyle, preto\u017ee ka\u017ed\u00fd nepodaren\u00fd trik skon\u010d\u00edte pekne na noh\u00e1ch a okam\u017eite ste pripraven\u00ed sk\u00fasi\u0165 to znova. &nbsp; Vzh\u013eadom na plytk\u00e9 more, pl\u00e1\u017e je najatrakt\u00edvnej\u0161ia na Jadrane na u\u010denie sa kitesurfingu. Po\u010das &#8220;Bura&#8221; vetru budete jazdi\u0165 paralelne po celej d\u013a\u017eke pl\u00e1\u017ee, tak\u017ee sa nikdy nedostanete z plytkej z\u00f3ny, pokia\u013e len nebudete chcie\u0165. &nbsp; &nbsp; &nbsp; P\u00fdtate sa, \u010do ak chcem riadi\u0165 formulu, ale more je tak\u00e9 plytk\u00e9? \u017diadny probl\u00e9m. Na v\u00fdchodnej strane pl\u00e1\u017ee bli\u017e\u0161ie k Ninu je more dostato\u010dne hlbok\u00e9 pre formulu a jej 70 cm plutvu. \u00a0vietor Predpove\u010f po\u010dasia<\/p>\n","protected":false},"author":2,"featured_media":663,"parent":0,"menu_order":4,"comment_status":"closed","ping_status":"closed","template":"","meta":[],"_links":{"self":[{"href":"https:\/\/apartmani-luca.com\/sk\/wp-json\/wp\/v2\/pages\/652"}],"collection":[{"href":"https:\/\/apartmani-luca.com\/sk\/wp-json\/wp\/v2\/pages"}],"about":[{"href":"https:\/\/apartmani-luca.com\/sk\/wp-json\/wp\/v2\/types\/page"}],"author":[{"embeddable":true,"href":"https:\/\/apartmani-luca.com\/sk\/wp-json\/wp\/v2\/users\/2"}],"replies":[{"embeddable":true,"href":"https:\/\/apartmani-luca.com\/sk\/wp-json\/wp\/v2\/comments?post=652"}],"version-history":[{"count":5,"href":"https:\/\/apartmani-luca.com\/sk\/wp-json\/wp\/v2\/pages\/652\/revisions"}],"predecessor-version":[{"id":953,"href":"https:\/\/apartmani-luca.com\/sk\/wp-json\/wp\/v2\/pages\/652\/revisions\/953"}],"wp:featuredmedia":[{"embeddable":true,"href":"https:\/\/apartmani-luca.com\/sk\/wp-json\/wp\/v2\/media\/663"}],"wp:attachment":[{"href":"https:\/\/apartmani-luca.com\/sk\/wp-json\/wp\/v2\/media?parent=652"}],"curies":[{"name":"wp","href":"https:\/\/api.w.org\/{rel}","templated":true}]}}