{"id":630,"date":"2014-02-10T02:02:32","date_gmt":"2014-02-10T01:02:32","guid":{"rendered":"https:\/\/apartmani-luca.com\/?page_id=630"},"modified":"2020-06-19T05:11:25","modified_gmt":"2020-06-19T04:11:25","slug":"apartmany","status":"publish","type":"page","link":"https:\/\/apartmani-luca.com\/sk\/apartmany\/","title":{"rendered":"Apartm\u00e1ny"},"content":{"rendered":"[vc_row][vc_column][vc_column_text css=&#8221;.vc_custom_1450002638896{margin-top: 70px !important;margin-bottom: 40px !important;}&#8221;]<a name=\"apartmani\"><\/a><\/p>\n<h1 style=\"text-align: center;\"><span style=\"color: #808080;\"><strong>Apartm\u00e1ny<\/strong><\/span><\/h1>\n[\/vc_column_text][\/vc_column][\/vc_row][vc_row][vc_column][vc_column_text]\n<p style=\"text-align: justify;\"><span style=\"color: #8c8c8c;\"><strong>\u201cApartments Luca\u201d<\/strong> sa nach\u00e1dza v Nine, v meste so sl\u00e1vnou minulos\u0165ou, ktor\u00e9 bolo domovom starovek\u00fdch chorv\u00e1tskych vl\u00e1dcov. Pl\u00e1\u017e je vzdialen\u00e1 len 150 m od ubytovania a v okol\u00ed apartm\u00e1nov si m\u00f4\u017eete odd\u00fdchnu\u0165 v tieni figovn\u00edkov a vini\u010da.<\/span><\/p>\n<p style=\"text-align: justify;\"><span style=\"color: #8c8c8c;\">Pon\u00fakame tie\u017e autentick\u00e9 v\u00edna; tradi\u010dne vyroben\u00e9 vo vinici, ktor\u00e1 sa nach\u00e1dza hne\u010f ved\u013ea apartm\u00e1nov, pri\u010dom celkov\u00e9mu z\u00e1\u017eitku prispieva i kr\u00e1sa zelen\u00e9ho prostredia, kde si m\u00f4\u017eete odd\u00fdchnu\u0165 a vychutna\u0165 chu\u0165 v\u00edn.<\/span><\/p>\n[\/vc_column_text][\/vc_column][\/vc_row][vc_row][vc_column width=&#8221;1\/4&#8243;]<a href=\"https:\/\/apartmani-luca.com\/sk\/domace\/modry\/\"  class=\"ult_price_action_button\" style=\"background:#447c9a;color:#ffffff;\"><div class=\"ult_pricing_table_wrap ult_info_table ult_design_5  ult-cs-custom  \">\r\n\t\t\t\t\t<div class=\"ult_pricing_table \" style=\"background:#e0e0e0;color:#8c8c8c; \"><div id=\"Info-table-wrap-5947\" class=\"ult_pricing_heading\" style=\"background:#447c9a;color:#ffffff;\">\r\n\t\t\t\t\t\t\t<h3 class=\"ult-responsive\"  data-ultimate-target='#Info-table-wrap-5947 h3'  data-responsive-json-new='{\"font-size\":\"desktop:30px;\",\"line-height\":\"\"}'  style=\"font-weight:bold;\">Modr\u00fd<\/h3><\/div><!--ult_pricing_heading--><div class=\"ult_price_body_block\" style=\"background:#447c9a;color:#ffffff;\">\r\n\t\t\t\t\t\t\t<div class=\"ult_price_body\">\r\n\t\t\t\t\t\t\t\t<div class=\"ult_price\">\r\n\t\t\t\t\t\t\t\t\t<div class=\"ult-just-icon-wrapper  \"><div class=\"align-icon\" style=\"text-align:center;\">\n<div class=\"aio-icon-img \" style=\"font-size:200px;display:inline-block;\" >\n\t<img class=\"img-icon\" alt=\"\" src=\"https:\/\/apartmani-luca.com\/wp-content\/uploads\/2020\/06\/okvir-plavi.png\"\/>\n<\/div><\/div><\/div>\r\n\t\t\t\t\t\t\t\t<\/div>\r\n\t\t\t\t\t\t\t<\/div>\r\n\t\t\t\t\t\t<\/div><!--ult_price_body_block--><div id=\"info_table_features_wrap-2515\"  data-ultimate-target='#info_table_features_wrap-2515.ult_price_features'  data-responsive-json-new='{\"font-size\":\"desktop:30px;\",\"line-height\":\"desktop:30px;\"}'  class=\"ult-responsive ult_price_features\" style=\"font-weight:normal;\">\r\n\t\t\t\t\t\t\t<p style=\"margin: 15px;\">A2+2<\/p>\n\r\n\t\t\t\t\t\t<\/div><!--ult_price_features--><div class=\"ult_clr\"><\/div>\r\n\t\t\t<\/div><!--pricing_table-->\r\n\t\t<\/div><!--pricing_table_wrap--><\/a>[\/vc_column][vc_column width=&#8221;1\/4&#8243;]<a href=\"https:\/\/apartmani-luca.com\/sk\/domace\/oranzovy\/\"  class=\"ult_price_action_button\" style=\"background:#efa056;color:#ffffff;\"><div class=\"ult_pricing_table_wrap ult_info_table ult_design_5  ult-cs-custom  \">\r\n\t\t\t\t\t<div class=\"ult_pricing_table \" style=\"background:#e0e0e0;color:#8c8c8c; \"><div id=\"Info-table-wrap-4156\" class=\"ult_pricing_heading\" style=\"background:#efa056;color:#ffffff;\">\r\n\t\t\t\t\t\t\t<h3 class=\"ult-responsive\"  data-ultimate-target='#Info-table-wrap-4156 h3'  data-responsive-json-new='{\"font-size\":\"desktop:30px;\",\"line-height\":\"\"}'  style=\"font-weight:bold;\">Oran\u017eov\u00fd<\/h3><\/div><!--ult_pricing_heading--><div class=\"ult_price_body_block\" style=\"background:#efa056;color:#ffffff;\">\r\n\t\t\t\t\t\t\t<div class=\"ult_price_body\">\r\n\t\t\t\t\t\t\t\t<div class=\"ult_price\">\r\n\t\t\t\t\t\t\t\t\t<div class=\"ult-just-icon-wrapper  \"><div class=\"align-icon\" style=\"text-align:center;\">\n<div class=\"aio-icon-img \" style=\"font-size:200px;display:inline-block;\" >\n\t<img class=\"img-icon\" alt=\"\" src=\"https:\/\/apartmani-luca.com\/wp-content\/uploads\/2020\/06\/okvir-narancasti.png\"\/>\n<\/div><\/div><\/div>\r\n\t\t\t\t\t\t\t\t<\/div>\r\n\t\t\t\t\t\t\t<\/div>\r\n\t\t\t\t\t\t<\/div><!--ult_price_body_block--><div id=\"info_table_features_wrap-1373\"  data-ultimate-target='#info_table_features_wrap-1373.ult_price_features'  data-responsive-json-new='{\"font-size\":\"desktop:30px;\",\"line-height\":\"desktop:30px;\"}'  class=\"ult-responsive ult_price_features\" style=\"font-weight:normal;\">\r\n\t\t\t\t\t\t\t<p style=\"margin: 15px;\">A4<\/p>\n\r\n\t\t\t\t\t\t<\/div><!--ult_price_features--><div class=\"ult_clr\"><\/div>\r\n\t\t\t<\/div><!--pricing_table-->\r\n\t\t<\/div><!--pricing_table_wrap--><\/a>[\/vc_column][vc_column width=&#8221;1\/4&#8243;]<a href=\"https:\/\/apartmani-luca.com\/sk\/domace\/zlty\/\"  class=\"ult_price_action_button\" style=\"background:#f3d164;color:#ffffff;\"><div class=\"ult_pricing_table_wrap ult_info_table ult_design_5  ult-cs-custom  \">\r\n\t\t\t\t\t<div class=\"ult_pricing_table \" style=\"background:#e0e0e0;color:#8c8c8c; \"><div id=\"Info-table-wrap-5693\" class=\"ult_pricing_heading\" style=\"background:#f3d164;color:#ffffff;\">\r\n\t\t\t\t\t\t\t<h3 class=\"ult-responsive\"  data-ultimate-target='#Info-table-wrap-5693 h3'  data-responsive-json-new='{\"font-size\":\"desktop:30px;\",\"line-height\":\"\"}'  style=\"font-weight:bold;\">\u017dlt\u00fd<\/h3><\/div><!--ult_pricing_heading--><div class=\"ult_price_body_block\" style=\"background:#f3d164;color:#ffffff;\">\r\n\t\t\t\t\t\t\t<div class=\"ult_price_body\">\r\n\t\t\t\t\t\t\t\t<div class=\"ult_price\">\r\n\t\t\t\t\t\t\t\t\t<div class=\"ult-just-icon-wrapper  \"><div class=\"align-icon\" style=\"text-align:center;\">\n<div class=\"aio-icon-img \" style=\"font-size:200px;display:inline-block;\" >\n\t<img class=\"img-icon\" alt=\"\" src=\"https:\/\/apartmani-luca.com\/wp-content\/uploads\/2020\/06\/okvir-zuti.png\"\/>\n<\/div><\/div><\/div>\r\n\t\t\t\t\t\t\t\t<\/div>\r\n\t\t\t\t\t\t\t<\/div>\r\n\t\t\t\t\t\t<\/div><!--ult_price_body_block--><div id=\"info_table_features_wrap-1009\"  data-ultimate-target='#info_table_features_wrap-1009.ult_price_features'  data-responsive-json-new='{\"font-size\":\"desktop:30px;\",\"line-height\":\"desktop:30px;\"}'  class=\"ult-responsive ult_price_features\" style=\"font-weight:normal;\">\r\n\t\t\t\t\t\t\t<p style=\"margin: 15px;\">A2+2<\/p>\n\r\n\t\t\t\t\t\t<\/div><!--ult_price_features--><div class=\"ult_clr\"><\/div>\r\n\t\t\t<\/div><!--pricing_table-->\r\n\t\t<\/div><!--pricing_table_wrap--><\/a>[\/vc_column][vc_column width=&#8221;1\/4&#8243;]<a href=\"https:\/\/apartmani-luca.com\/sk\/domace\/hnedy\/\"  class=\"ult_price_action_button\" style=\"background:#aa7039;color:#ffffff;\"><div class=\"ult_pricing_table_wrap ult_info_table ult_design_5  ult-cs-custom  \">\r\n\t\t\t\t\t<div class=\"ult_pricing_table \" style=\"background:#e0e0e0;color:#8c8c8c; \"><div id=\"Info-table-wrap-8197\" class=\"ult_pricing_heading\" style=\"background:#aa7039;color:#ffffff;\">\r\n\t\t\t\t\t\t\t<h3 class=\"ult-responsive\"  data-ultimate-target='#Info-table-wrap-8197 h3'  data-responsive-json-new='{\"font-size\":\"desktop:30px;\",\"line-height\":\"\"}'  style=\"font-weight:bold;\">Hned\u00fd<\/h3><\/div><!--ult_pricing_heading--><div class=\"ult_price_body_block\" style=\"background:#aa7039;color:#ffffff;\">\r\n\t\t\t\t\t\t\t<div class=\"ult_price_body\">\r\n\t\t\t\t\t\t\t\t<div class=\"ult_price\">\r\n\t\t\t\t\t\t\t\t\t<div class=\"ult-just-icon-wrapper  \"><div class=\"align-icon\" style=\"text-align:center;\">\n<div class=\"aio-icon-img \" style=\"font-size:200px;display:inline-block;\" >\n\t<img class=\"img-icon\" alt=\"\" src=\"https:\/\/apartmani-luca.com\/wp-content\/uploads\/2020\/06\/okvir-smedi.png\"\/>\n<\/div><\/div><\/div>\r\n\t\t\t\t\t\t\t\t<\/div>\r\n\t\t\t\t\t\t\t<\/div>\r\n\t\t\t\t\t\t<\/div><!--ult_price_body_block--><div id=\"info_table_features_wrap-8263\"  data-ultimate-target='#info_table_features_wrap-8263.ult_price_features'  data-responsive-json-new='{\"font-size\":\"desktop:30px;\",\"line-height\":\"desktop:30px;\"}'  class=\"ult-responsive ult_price_features\" style=\"font-weight:normal;\">\r\n\t\t\t\t\t\t\t<p style=\"margin: 15px;\">A4<\/p>\n\r\n\t\t\t\t\t\t<\/div><!--ult_price_features--><div class=\"ult_clr\"><\/div>\r\n\t\t\t<\/div><!--pricing_table-->\r\n\t\t<\/div><!--pricing_table_wrap--><\/a>[\/vc_column][\/vc_row][vc_row][vc_column width=&#8221;1\/4&#8243;]<a href=\"https:\/\/apartmani-luca.com\/sk\/domace\/biely\/\"  class=\"ult_price_action_button\" style=\"background:#adadad;color:#ffffff;\"><div class=\"ult_pricing_table_wrap ult_info_table ult_design_5  ult-cs-custom  \">\r\n\t\t\t\t\t<div class=\"ult_pricing_table \" style=\"background:#e0e0e0;color:#8c8c8c; \"><div id=\"Info-table-wrap-9514\" class=\"ult_pricing_heading\" style=\"background:#adadad;color:#ffffff;\">\r\n\t\t\t\t\t\t\t<h3 class=\"ult-responsive\"  data-ultimate-target='#Info-table-wrap-9514 h3'  data-responsive-json-new='{\"font-size\":\"desktop:30px;\",\"line-height\":\"\"}'  style=\"font-weight:bold;\">Biely<\/h3><\/div><!--ult_pricing_heading--><div class=\"ult_price_body_block\" style=\"background:#adadad;color:#ffffff;\">\r\n\t\t\t\t\t\t\t<div class=\"ult_price_body\">\r\n\t\t\t\t\t\t\t\t<div class=\"ult_price\">\r\n\t\t\t\t\t\t\t\t\t<div class=\"ult-just-icon-wrapper  \"><div class=\"align-icon\" style=\"text-align:center;\">\n<div class=\"aio-icon-img \" style=\"font-size:200px;display:inline-block;\" >\n\t<img class=\"img-icon\" alt=\"\" src=\"https:\/\/apartmani-luca.com\/wp-content\/uploads\/2015\/12\/bijeli-okvir.png\"\/>\n<\/div><\/div><\/div>\r\n\t\t\t\t\t\t\t\t<\/div>\r\n\t\t\t\t\t\t\t<\/div>\r\n\t\t\t\t\t\t<\/div><!--ult_price_body_block--><div id=\"info_table_features_wrap-7996\"  data-ultimate-target='#info_table_features_wrap-7996.ult_price_features'  data-responsive-json-new='{\"font-size\":\"desktop:30px;\",\"line-height\":\"desktop:30px;\"}'  class=\"ult-responsive ult_price_features\" style=\"font-weight:normal;\">\r\n\t\t\t\t\t\t\t<p style=\"margin: 15px;\">A4+1<\/p>\n\r\n\t\t\t\t\t\t<\/div><!--ult_price_features--><div class=\"ult_clr\"><\/div>\r\n\t\t\t<\/div><!--pricing_table-->\r\n\t\t<\/div><!--pricing_table_wrap--><\/a>[\/vc_column][vc_column width=&#8221;1\/4&#8243;]<a href=\"https:\/\/apartmani-luca.com\/sk\/domace\/fialovy\/\"  class=\"ult_price_action_button\" style=\"background:#6761a8;color:#ffffff;\"><div class=\"ult_pricing_table_wrap ult_info_table ult_design_5  ult-cs-custom  \">\r\n\t\t\t\t\t<div class=\"ult_pricing_table \" style=\"background:#e0e0e0;color:#8c8c8c; \"><div id=\"Info-table-wrap-6855\" class=\"ult_pricing_heading\" style=\"background:#6761a8;color:#ffffff;\">\r\n\t\t\t\t\t\t\t<h3 class=\"ult-responsive\"  data-ultimate-target='#Info-table-wrap-6855 h3'  data-responsive-json-new='{\"font-size\":\"desktop:30px;\",\"line-height\":\"\"}'  style=\"font-weight:bold;\">Fialov\u00fd<\/h3><\/div><!--ult_pricing_heading--><div class=\"ult_price_body_block\" style=\"background:#6761a8;color:#ffffff;\">\r\n\t\t\t\t\t\t\t<div class=\"ult_price_body\">\r\n\t\t\t\t\t\t\t\t<div class=\"ult_price\">\r\n\t\t\t\t\t\t\t\t\t<div class=\"ult-just-icon-wrapper  \"><div class=\"align-icon\" style=\"text-align:center;\">\n<div class=\"aio-icon-img \" style=\"font-size:200px;display:inline-block;\" >\n\t<img class=\"img-icon\" alt=\"\" src=\"https:\/\/apartmani-luca.com\/wp-content\/uploads\/2015\/12\/ljubicasti-okvir.png\"\/>\n<\/div><\/div><\/div>\r\n\t\t\t\t\t\t\t\t<\/div>\r\n\t\t\t\t\t\t\t<\/div>\r\n\t\t\t\t\t\t<\/div><!--ult_price_body_block--><div id=\"info_table_features_wrap-9860\"  data-ultimate-target='#info_table_features_wrap-9860.ult_price_features'  data-responsive-json-new='{\"font-size\":\"desktop:30px;\",\"line-height\":\"desktop:30px;\"}'  class=\"ult-responsive ult_price_features\" style=\"font-weight:normal;\">\r\n\t\t\t\t\t\t\t<p style=\"margin: 15px;\">A4+1<\/p>\n\r\n\t\t\t\t\t\t<\/div><!--ult_price_features--><div class=\"ult_clr\"><\/div>\r\n\t\t\t<\/div><!--pricing_table-->\r\n\t\t<\/div><!--pricing_table_wrap--><\/a>[\/vc_column][vc_column width=&#8221;1\/4&#8243;]<a href=\"https:\/\/apartmani-luca.com\/sk\/domace\/zeleny\/\"  class=\"ult_price_action_button\" style=\"background:#69b569;color:#ffffff;\"><div class=\"ult_pricing_table_wrap ult_info_table ult_design_5  ult-cs-custom  \">\r\n\t\t\t\t\t<div class=\"ult_pricing_table \" style=\"background:#e0e0e0;color:#8c8c8c; \"><div id=\"Info-table-wrap-3104\" class=\"ult_pricing_heading\" style=\"background:#69b569;color:#ffffff;\">\r\n\t\t\t\t\t\t\t<h3 class=\"ult-responsive\"  data-ultimate-target='#Info-table-wrap-3104 h3'  data-responsive-json-new='{\"font-size\":\"desktop:30px;\",\"line-height\":\"\"}'  style=\"font-weight:bold;\">Zelen\u00fd<\/h3><\/div><!--ult_pricing_heading--><div class=\"ult_price_body_block\" style=\"background:#69b569;color:#ffffff;\">\r\n\t\t\t\t\t\t\t<div class=\"ult_price_body\">\r\n\t\t\t\t\t\t\t\t<div class=\"ult_price\">\r\n\t\t\t\t\t\t\t\t\t<div class=\"ult-just-icon-wrapper  \"><div class=\"align-icon\" style=\"text-align:center;\">\n<div class=\"aio-icon-img \" style=\"font-size:200px;display:inline-block;\" >\n\t<img class=\"img-icon\" alt=\"\" src=\"https:\/\/apartmani-luca.com\/wp-content\/uploads\/2020\/06\/okvir-zeleni.png\"\/>\n<\/div><\/div><\/div>\r\n\t\t\t\t\t\t\t\t<\/div>\r\n\t\t\t\t\t\t\t<\/div>\r\n\t\t\t\t\t\t<\/div><!--ult_price_body_block--><div id=\"info_table_features_wrap-9100\"  data-ultimate-target='#info_table_features_wrap-9100.ult_price_features'  data-responsive-json-new='{\"font-size\":\"desktop:30px;\",\"line-height\":\"desktop:30px;\"}'  class=\"ult-responsive ult_price_features\" style=\"font-weight:normal;\">\r\n\t\t\t\t\t\t\t<p style=\"margin: 15px;\">A4<\/p>\n\r\n\t\t\t\t\t\t<\/div><!--ult_price_features--><div class=\"ult_clr\"><\/div>\r\n\t\t\t<\/div><!--pricing_table-->\r\n\t\t<\/div><!--pricing_table_wrap--><\/a>[\/vc_column][vc_column width=&#8221;1\/4&#8243;]<a href=\"https:\/\/apartmani-luca.com\/sk\/domace\/galeria\/\"  class=\"ult_price_action_button\" style=\"background:#f9f9f9;color:#f9f9f9;\"><div class=\"ult_pricing_table_wrap ult_info_table ult_design_5  ult-cs-custom  \">\r\n\t\t\t\t\t<div class=\"ult_pricing_table \" style=\"background:#e0e0e0;color:#8c8c8c; \"><div id=\"Info-table-wrap-4870\" class=\"ult_pricing_heading\" style=\"background:#f9f9f9;color:#f9f9f9;\">\r\n\t\t\t\t\t\t\t<h3 class=\"ult-responsive\"  data-ultimate-target='#Info-table-wrap-4870 h3'  data-responsive-json-new='{\"font-size\":\"desktop:30px;\",\"line-height\":\"\"}'  style=\"font-weight:bold;\">...<\/h3><\/div><!--ult_pricing_heading--><div class=\"ult_price_body_block\" style=\"background:#f9f9f9;color:#f9f9f9;\">\r\n\t\t\t\t\t\t\t<div class=\"ult_price_body\">\r\n\t\t\t\t\t\t\t\t<div class=\"ult_price\">\r\n\t\t\t\t\t\t\t\t\t<div class=\"ult-just-icon-wrapper  \"><div class=\"align-icon\" style=\"text-align:center;\">\n<div class=\"aio-icon-img \" style=\"font-size:200px;display:inline-block;\" >\n\t<img class=\"img-icon\" alt=\"\" src=\"https:\/\/apartmani-luca.com\/wp-content\/uploads\/2020\/06\/okvir-galerija.png\"\/>\n<\/div><\/div><\/div>\r\n\t\t\t\t\t\t\t\t<\/div>\r\n\t\t\t\t\t\t\t<\/div>\r\n\t\t\t\t\t\t<\/div><!--ult_price_body_block--><div id=\"info_table_features_wrap-8847\"  data-ultimate-target='#info_table_features_wrap-8847.ult_price_features'  data-responsive-json-new='{\"font-size\":\"desktop:30px;\",\"line-height\":\"desktop:30px;\"}'  class=\"ult-responsive ult_price_features\" style=\"font-weight:normal;\">\r\n\t\t\t\t\t\t\t<p style=\"margin: 15px;\">Gal\u00e9ria<\/p>\n\r\n\t\t\t\t\t\t<\/div><!--ult_price_features--><div class=\"ult_clr\"><\/div>\r\n\t\t\t<\/div><!--pricing_table-->\r\n\t\t<\/div><!--pricing_table_wrap--><\/a>[\/vc_column][\/vc_row][vc_row][\/vc_row][vc_column][\/vc_column]\n","protected":false},"excerpt":{"rendered":"<p>[vc_row][vc_column][vc_column_text css=&#8221;.vc_custom_1450002638896{margin-top: 70px !important;margin-bottom: 40px !important;}&#8221;] Apartm\u00e1ny [\/vc_column_text][\/vc_column][\/vc_row][vc_row][vc_column][vc_column_text] \u201cApartments Luca\u201d sa nach\u00e1dza v Nine, v meste so sl\u00e1vnou minulos\u0165ou, ktor\u00e9 bolo domovom starovek\u00fdch chorv\u00e1tskych vl\u00e1dcov. Pl\u00e1\u017e je vzdialen\u00e1 len 150 m od ubytovania a v okol\u00ed apartm\u00e1nov si m\u00f4\u017eete odd\u00fdchnu\u0165 v tieni figovn\u00edkov a vini\u010da. Pon\u00fakame tie\u017e autentick\u00e9 v\u00edna; tradi\u010dne vyroben\u00e9 vo vinici, ktor\u00e1 sa nach\u00e1dza hne\u010f ved\u013ea apartm\u00e1nov, pri\u010dom celkov\u00e9mu z\u00e1\u017eitku prispieva i kr\u00e1sa zelen\u00e9ho prostredia, kde si m\u00f4\u017eete odd\u00fdchnu\u0165 a vychutna\u0165 chu\u0165 v\u00edn. [\/vc_column_text][\/vc_column][\/vc_row][vc_row][vc_column width=&#8221;1\/4&#8243;][\/vc_column][vc_column width=&#8221;1\/4&#8243;][\/vc_column][vc_column width=&#8221;1\/4&#8243;][\/vc_column][vc_column width=&#8221;1\/4&#8243;][\/vc_column][\/vc_row][vc_row][vc_column width=&#8221;1\/4&#8243;][\/vc_column][vc_column width=&#8221;1\/4&#8243;][\/vc_column][vc_column width=&#8221;1\/4&#8243;][\/vc_column][vc_column width=&#8221;1\/4&#8243;][\/vc_column][\/vc_row][vc_row][\/vc_row][vc_column][\/vc_column]<\/p>\n","protected":false},"author":2,"featured_media":0,"parent":0,"menu_order":1,"comment_status":"closed","ping_status":"closed","template":"","meta":[],"_links":{"self":[{"href":"https:\/\/apartmani-luca.com\/sk\/wp-json\/wp\/v2\/pages\/630"}],"collection":[{"href":"https:\/\/apartmani-luca.com\/sk\/wp-json\/wp\/v2\/pages"}],"about":[{"href":"https:\/\/apartmani-luca.com\/sk\/wp-json\/wp\/v2\/types\/page"}],"author":[{"embeddable":true,"href":"https:\/\/apartmani-luca.com\/sk\/wp-json\/wp\/v2\/users\/2"}],"replies":[{"embeddable":true,"href":"https:\/\/apartmani-luca.com\/sk\/wp-json\/wp\/v2\/comments?post=630"}],"version-history":[{"count":8,"href":"https:\/\/apartmani-luca.com\/sk\/wp-json\/wp\/v2\/pages\/630\/revisions"}],"predecessor-version":[{"id":2702,"href":"https:\/\/apartmani-luca.com\/sk\/wp-json\/wp\/v2\/pages\/630\/revisions\/2702"}],"wp:attachment":[{"href":"https:\/\/apartmani-luca.com\/sk\/wp-json\/wp\/v2\/media?parent=630"}],"curies":[{"name":"wp","href":"https:\/\/api.w.org\/{rel}","templated":true}]}}