{"id":791,"date":"2014-02-11T11:50:13","date_gmt":"2014-02-11T10:50:13","guid":{"rendered":"https:\/\/apartmani-luca.com\/?page_id=791"},"modified":"2014-06-10T09:35:19","modified_gmt":"2014-06-10T08:35:19","slug":"windkitesurfing","status":"publish","type":"page","link":"https:\/\/apartmani-luca.com\/it\/windkitesurfing\/","title":{"rendered":"Wind&#038;Kitesurfing"},"content":{"rendered":"<h2 class=\"pagetitle \">Windsurfing<\/h2>\n<p><a href=\"https:\/\/apartmani-luca.com\/wp-content\/uploads\/2011\/11\/Sabunike4.jpg\"><img loading=\"lazy\" class=\"size-full wp-image-45 alignleft\" title=\"Sabunike4\" alt=\"\" src=\"https:\/\/apartmani-luca.com\/wp-content\/uploads\/2011\/11\/Sabunike4.jpg\" width=\"300\" height=\"224\" \/><\/a><\/p>\n<p>Nin Beach Sabunike \u00e8 uno dei pi\u00f9 famosi luoghi di windsurf in Croazia. Essi sono caratterizzati da tre venti &#8220;Bura&#8221;, &#8220;Jugo&#8221; e &#8220;Maestral&#8221;, ognuno dei quali ha il suo fascino.<br \/>\n&#8220;Bura&#8221; ha un percorso completamente aperta dal Canale del Velebit e spesso raggiunge velocit\u00e0 superiori a 50 nodi! &#8220;Jugo&#8221;, eolica offshore, acque piatte crea le condizioni ideali per testare la velocit\u00e0 delle schede. Calda estate vento termico &#8220;Maestral&#8221; soffia tutti i giorni da 13 a 18 ore e ti d\u00e0 la possibilit\u00e0 di freeride rilassato.<br \/>\nLa cosa migliore \u00e8 che la Nin baia \u00e8 chiuso su tutti i lati in modo che nessun pericolo che il vento ti porta verso il mare aperto. Sabunike sono il luogo ideale sia per i surfisti esperti, cos\u00ec come per i principianti che potranno imparare le loro abilit\u00e0 nella scuola di windsurf, che si trova sulla spiaggia a Sabunike. Prendete le vostre vacanze attivamente e imparare a fare surf, vi garantiamo che sarete di nuovo l&#8217;anno prossimo nel ventoso Nin.<\/p>\n<p>&nbsp;<\/p>\n<p><a href=\"https:\/\/apartmani-luca.com\/wp-content\/uploads\/2011\/11\/21.jpg\"><img loading=\"lazy\" class=\"size-medium wp-image-412 alignleft\" alt=\"2\" src=\"https:\/\/apartmani-luca.com\/wp-content\/uploads\/2011\/11\/21-300x217.jpg\" width=\"300\" height=\"217\" srcset=\"https:\/\/apartmani-luca.com\/wp-content\/uploads\/2011\/11\/21-300x217.jpg 300w, https:\/\/apartmani-luca.com\/wp-content\/uploads\/2011\/11\/21-222x160.jpg 222w, https:\/\/apartmani-luca.com\/wp-content\/uploads\/2011\/11\/21.jpg 640w\" sizes=\"(max-width: 300px) 100vw, 300px\" \/><\/a>\u00a0L&#8217;accesso alla spiaggia \u00e8 protetta su tre lati, due da Nin e uno di Sabunika, e con sua macchina pu\u00f2 venire vicino al mare. Il parcheggio \u00e8 previsto anche in spiaggia.<\/p>\n<p>Il fondo \u00e8 sabbioso, e una speciale attrazione Sabunika mare poco profondo, che in combinazione con un fondale sabbioso crea le condizioni che si possono trovare solo nei tropici. Questa \u00e8 una distanza massima di 200 m dal mare \u00e8 solo 1 metro di profondit\u00e0. Condizioni ideali per freestyle perch\u00e9 ogni trucco riuscito termina con una bella partenza dalla spiaggia e subito si \u00e8 pronti a provare di nuovo.<br \/>\nA causa del mare poco profondo, la spiaggia \u00e8 la pi\u00f9 attraente in Adriatico per imparare il kitesurf. Durante il vento guider\u00e0 parallelamente a tutta la lunghezza della spiaggia, cos\u00ec non sarete mai usciti dalla zona bassa, se non lo volete.<\/p>\n<p>&nbsp;<\/p>\n<p><a href=\"https:\/\/apartmani-luca.com\/wp-content\/uploads\/2011\/11\/31.jpg\"><img loading=\"lazy\" class=\"size-medium wp-image-413 alignleft\" alt=\"3\" src=\"https:\/\/apartmani-luca.com\/wp-content\/uploads\/2011\/11\/31-300x159.jpg\" width=\"300\" height=\"159\" srcset=\"https:\/\/apartmani-luca.com\/wp-content\/uploads\/2011\/11\/31-300x159.jpg 300w, https:\/\/apartmani-luca.com\/wp-content\/uploads\/2011\/11\/31.jpg 800w\" sizes=\"(max-width: 300px) 100vw, 300px\" \/><\/a>Un luogo ideale per il kite<\/p>\n<p>&nbsp;<\/p>\n<p>&nbsp;<\/p>\n<p>&nbsp;<\/p>\n<p>&nbsp;<\/p>\n<p><a href=\"https:\/\/apartmani-luca.com\/wp-content\/uploads\/2011\/11\/sabunike-bura.jpg\"><img loading=\"lazy\" class=\"size-full wp-image-46 alignleft\" title=\"sabunike-bura\" alt=\"\" src=\"https:\/\/apartmani-luca.com\/wp-content\/uploads\/2011\/11\/sabunike-bura.jpg\" width=\"300\" height=\"225\" \/><\/a><\/p>\n<p>Ti chiedi, cosa succede se si vuole guidare una formula, e cos\u00ec superficiale? Nessun problema. Sul lato orientale della spiaggia pi\u00f9 vicina a Nin mare \u00e8 abbastanza profondo per la formula e il suo 70 centimetri pinna.<\/p>\n<p><a href=\"http:\/\/prognoza.hr\/karte_e.php?id=dada&amp;param=zd&amp;it=63\">previsione del vento<\/a><\/p>\n","protected":false},"excerpt":{"rendered":"<p>Windsurfing Nin Beach Sabunike \u00e8 uno dei pi\u00f9 famosi luoghi di windsurf in Croazia. Essi sono caratterizzati da tre venti &#8220;Bura&#8221;, &#8220;Jugo&#8221; e &#8220;Maestral&#8221;, ognuno dei quali ha il suo fascino. &#8220;Bura&#8221; ha un percorso completamente aperta dal Canale del Velebit e spesso raggiunge velocit\u00e0 superiori a 50 nodi! &#8220;Jugo&#8221;, eolica offshore, acque piatte crea le condizioni ideali per testare la velocit\u00e0 delle schede. Calda estate vento termico &#8220;Maestral&#8221; soffia tutti i giorni da 13 a 18 ore e ti d\u00e0 la possibilit\u00e0 di freeride rilassato. La cosa migliore \u00e8 che la Nin baia \u00e8 chiuso su tutti i lati in modo che nessun pericolo che il vento ti porta verso il mare aperto. Sabunike sono il luogo ideale sia per i surfisti esperti, cos\u00ec come per i principianti che potranno imparare le loro abilit\u00e0 nella scuola di windsurf, che si trova sulla spiaggia a Sabunike. Prendete le vostre vacanze attivamente e imparare a fare surf, vi garantiamo che sarete di nuovo l&#8217;anno prossimo nel ventoso Nin. &nbsp; \u00a0L&#8217;accesso alla spiaggia \u00e8 protetta su tre lati, due da Nin e uno di Sabunika, e con sua macchina pu\u00f2 venire vicino al mare. Il parcheggio \u00e8 previsto anche in spiaggia. Il fondo \u00e8 sabbioso, e una speciale attrazione Sabunika mare poco profondo, che in combinazione con un fondale sabbioso crea le condizioni che si possono trovare solo nei tropici. Questa \u00e8 una distanza massima di 200 m dal mare \u00e8 solo 1 metro di profondit\u00e0. Condizioni ideali per freestyle perch\u00e9 ogni trucco riuscito termina con una bella partenza dalla spiaggia e subito si \u00e8 pronti a provare di nuovo. A causa del mare poco profondo, la spiaggia \u00e8 la pi\u00f9 attraente in Adriatico per imparare il kitesurf. Durante il vento guider\u00e0 parallelamente a tutta la lunghezza della spiaggia, cos\u00ec non sarete mai usciti dalla zona bassa, se non lo volete. &nbsp; Un luogo ideale per il kite &nbsp; &nbsp; &nbsp; &nbsp; Ti chiedi, cosa succede se si vuole guidare una formula, e cos\u00ec superficiale? Nessun problema. Sul lato orientale della spiaggia pi\u00f9 vicina a Nin mare \u00e8 abbastanza profondo per la formula e il suo 70 centimetri pinna. previsione del vento<\/p>\n","protected":false},"author":2,"featured_media":663,"parent":0,"menu_order":4,"comment_status":"closed","ping_status":"closed","template":"","meta":[],"_links":{"self":[{"href":"https:\/\/apartmani-luca.com\/it\/wp-json\/wp\/v2\/pages\/791"}],"collection":[{"href":"https:\/\/apartmani-luca.com\/it\/wp-json\/wp\/v2\/pages"}],"about":[{"href":"https:\/\/apartmani-luca.com\/it\/wp-json\/wp\/v2\/types\/page"}],"author":[{"embeddable":true,"href":"https:\/\/apartmani-luca.com\/it\/wp-json\/wp\/v2\/users\/2"}],"replies":[{"embeddable":true,"href":"https:\/\/apartmani-luca.com\/it\/wp-json\/wp\/v2\/comments?post=791"}],"version-history":[{"count":4,"href":"https:\/\/apartmani-luca.com\/it\/wp-json\/wp\/v2\/pages\/791\/revisions"}],"predecessor-version":[{"id":948,"href":"https:\/\/apartmani-luca.com\/it\/wp-json\/wp\/v2\/pages\/791\/revisions\/948"}],"wp:featuredmedia":[{"embeddable":true,"href":"https:\/\/apartmani-luca.com\/it\/wp-json\/wp\/v2\/media\/663"}],"wp:attachment":[{"href":"https:\/\/apartmani-luca.com\/it\/wp-json\/wp\/v2\/media?parent=791"}],"curies":[{"name":"wp","href":"https:\/\/api.w.org\/{rel}","templated":true}]}}