{"id":833,"date":"2014-02-20T15:33:09","date_gmt":"2014-02-20T14:33:09","guid":{"rendered":"https:\/\/apartmani-luca.com\/?page_id=833"},"modified":"2014-06-10T09:34:17","modified_gmt":"2014-06-10T08:34:17","slug":"windsurfing-3","status":"publish","type":"page","link":"https:\/\/apartmani-luca.com\/de\/windsurfing-3\/","title":{"rendered":"Windsurfing"},"content":{"rendered":"<h2 class=\"pagetitle \">Windsurfing<\/h2>\n<p><a href=\"https:\/\/apartmani-luca.com\/wp-content\/uploads\/2011\/11\/Sabunike4.jpg\"><img loading=\"lazy\" class=\"size-full wp-image-45 alignleft\" title=\"Sabunike4\" alt=\"\" src=\"https:\/\/apartmani-luca.com\/wp-content\/uploads\/2011\/11\/Sabunike4.jpg\" width=\"300\" height=\"224\" \/><\/a><\/p>\n<p>Der Sandstrand Sabunike ist einer der bekanntesten Windsurfingpl\u00e4tze Kroatiens. Hier sind drei Winde aktiv: \u201eBura\u201c, \u201eJugo\u201c und \u201eMaestral\u201c und jeder von ihnen hat seine Reize.<br \/>\nDer Sturmwind \u201eBura\u201c hat einen v\u00f6llig freien Weg aus dem Velebit-Kanal und erreicht somit sehr oft eine Geschwindigkeit gr\u00f6\u00dfer als 50 Knoten. Der S\u00fcdwind \u201eJugo\u201c, offshore Wind, bildet Flattwater Bedingungen, die ideal zum pr\u00fcfen Ihrer Board \u2013 Schnelligkeit ist. Der warme Sommerwind \u201eMaestral\u201c weht jeden Tag von 13 bis 18 Uhr und bietet Ihnen somit die M\u00f6glichkeit eines entspannten Freerides an.<\/p>\n<p>Das Beste aber ist, dass die Bucht von Nin von allen Seiten geschlossen ist, so dass es keine Gefahr gibt vom Wind verweht zu werden. Der Strand \u201eSabunike\u201c ist der ideale Ort f\u00fcr erfahrene Surfer als auch f\u00fcr Anf\u00e4nger, die ihr K\u00f6nnen in der Windsurfschule unter Beweis stellen k\u00f6nnen. Verbringen Sie Ihren Urlaub aktiv und lernen Sie surfen kennen. Wir garantieren Ihnen, dass Sie auch n\u00e4chstes Jahr nach Nin zur\u00fcckkommen.<\/p>\n<p>&nbsp;<\/p>\n<p><a href=\"https:\/\/apartmani-luca.com\/wp-content\/uploads\/2011\/11\/21.jpg\"><img loading=\"lazy\" class=\"size-medium wp-image-412 alignleft\" alt=\"2\" src=\"https:\/\/apartmani-luca.com\/wp-content\/uploads\/2011\/11\/21-300x217.jpg\" width=\"300\" height=\"217\" srcset=\"https:\/\/apartmani-luca.com\/wp-content\/uploads\/2011\/11\/21-300x217.jpg 300w, https:\/\/apartmani-luca.com\/wp-content\/uploads\/2011\/11\/21-222x160.jpg 222w, https:\/\/apartmani-luca.com\/wp-content\/uploads\/2011\/11\/21.jpg 640w\" sizes=\"(max-width: 300px) 100vw, 300px\" \/><\/a>Den Strand erreichen Sie aus drei Richtungen, zwei aus Nin und eine aus Sabunika, und mit dem Auto kommen Sie direkt zum Meer. Am Strand gibt es ebenfalls Parkpl\u00e4tze.<\/p>\n<p>Der Boden ist aus Sand und die besondere Atraktion von Sabunike ist das Flachwasser, das mit der Kombination mit dem Sandboden Bedingungen schafft, die Sie nur noch in tropischen L\u00e4ndern finden k\u00f6nnen. Denn bei einer K\u00fcstenentfernung von 200 Metern ist das Meer gerade 1 Meter tief. Ideale Bedingungen zum Freestyle, denn jeder ungelungene Trick endet mit einem leichten Beachstart und Sie sind sofort f\u00fcr einen Neuversuch bereit.<br \/>\n<a href=\"https:\/\/apartmani-luca.com\/wp-content\/uploads\/2011\/11\/31.jpg\"><img loading=\"lazy\" class=\"size-medium wp-image-413 alignleft\" alt=\"3\" src=\"https:\/\/apartmani-luca.com\/wp-content\/uploads\/2011\/11\/31-300x159.jpg\" width=\"300\" height=\"159\" srcset=\"https:\/\/apartmani-luca.com\/wp-content\/uploads\/2011\/11\/31-300x159.jpg 300w, https:\/\/apartmani-luca.com\/wp-content\/uploads\/2011\/11\/31.jpg 800w\" sizes=\"(max-width: 300px) 100vw, 300px\" \/><\/a>Wegen des Flachwassers ist der Strand der idealste Ort auf der Adria f\u00fcr Kitesurfing. Bei dem Wind \u201eBura\u201c fahren Sie parallel zur K\u00fcste, entlang der Strandl\u00e4nge, so dass Sie niemals aus dem Flachwasserbereich rauskommen, insofern Sie das nicht wollen.<\/p>\n<p>&nbsp;<\/p>\n<p>&nbsp;<\/p>\n<p>&nbsp;<\/p>\n<p><a href=\"https:\/\/apartmani-luca.com\/wp-content\/uploads\/2011\/11\/sabunike-bura.jpg\"><img loading=\"lazy\" class=\"size-full wp-image-46 alignleft\" title=\"sabunike-bura\" alt=\"\" src=\"https:\/\/apartmani-luca.com\/wp-content\/uploads\/2011\/11\/sabunike-bura.jpg\" width=\"300\" height=\"225\" \/><\/a><\/p>\n<p>Sie fragen sich sicherlich, was wenn Sie Formel in so flachem Wasser fahren wollen? Kein Problem. Auf der \u00f6stlichen Strandseite, nahe Nin, ist das Meer f\u00fcr die Formel und seine 70 Zentimeter gro\u00dfe Flosse tief genug.<\/p>\n<p>Windvorhersage <a title=\"Windhervorsage\" href=\"http:\/\/prognoza.hr\/karte_e.php?id=dada&amp;param=zd&amp;it=63\" target=\"_blank\">hier<\/a><\/p>\n","protected":false},"excerpt":{"rendered":"<p>Windsurfing Der Sandstrand Sabunike ist einer der bekanntesten Windsurfingpl\u00e4tze Kroatiens. Hier sind drei Winde aktiv: \u201eBura\u201c, \u201eJugo\u201c und \u201eMaestral\u201c und jeder von ihnen hat seine Reize. Der Sturmwind \u201eBura\u201c hat einen v\u00f6llig freien Weg aus dem Velebit-Kanal und erreicht somit sehr oft eine Geschwindigkeit gr\u00f6\u00dfer als 50 Knoten. Der S\u00fcdwind \u201eJugo\u201c, offshore Wind, bildet Flattwater Bedingungen, die ideal zum pr\u00fcfen Ihrer Board \u2013 Schnelligkeit ist. Der warme Sommerwind \u201eMaestral\u201c weht jeden Tag von 13 bis 18 Uhr und bietet Ihnen somit die M\u00f6glichkeit eines entspannten Freerides an. Das Beste aber ist, dass die Bucht von Nin von allen Seiten geschlossen ist, so dass es keine Gefahr gibt vom Wind verweht zu werden. Der Strand \u201eSabunike\u201c ist der ideale Ort f\u00fcr erfahrene Surfer als auch f\u00fcr Anf\u00e4nger, die ihr K\u00f6nnen in der Windsurfschule unter Beweis stellen k\u00f6nnen. Verbringen Sie Ihren Urlaub aktiv und lernen Sie surfen kennen. Wir garantieren Ihnen, dass Sie auch n\u00e4chstes Jahr nach Nin zur\u00fcckkommen. &nbsp; Den Strand erreichen Sie aus drei Richtungen, zwei aus Nin und eine aus Sabunika, und mit dem Auto kommen Sie direkt zum Meer. Am Strand gibt es ebenfalls Parkpl\u00e4tze. Der Boden ist aus Sand und die besondere Atraktion von Sabunike ist das Flachwasser, das mit der Kombination mit dem Sandboden Bedingungen schafft, die Sie nur noch in tropischen L\u00e4ndern finden k\u00f6nnen. Denn bei einer K\u00fcstenentfernung von 200 Metern ist das Meer gerade 1 Meter tief. Ideale Bedingungen zum Freestyle, denn jeder ungelungene Trick endet mit einem leichten Beachstart und Sie sind sofort f\u00fcr einen Neuversuch bereit. Wegen des Flachwassers ist der Strand der idealste Ort auf der Adria f\u00fcr Kitesurfing. Bei dem Wind \u201eBura\u201c fahren Sie parallel zur K\u00fcste, entlang der Strandl\u00e4nge, so dass Sie niemals aus dem Flachwasserbereich rauskommen, insofern Sie das nicht wollen. &nbsp; &nbsp; &nbsp; Sie fragen sich sicherlich, was wenn Sie Formel in so flachem Wasser fahren wollen? Kein Problem. Auf der \u00f6stlichen Strandseite, nahe Nin, ist das Meer f\u00fcr die Formel und seine 70 Zentimeter gro\u00dfe Flosse tief genug. Windvorhersage hier<\/p>\n","protected":false},"author":2,"featured_media":663,"parent":0,"menu_order":4,"comment_status":"closed","ping_status":"closed","template":"","meta":[],"_links":{"self":[{"href":"https:\/\/apartmani-luca.com\/de\/wp-json\/wp\/v2\/pages\/833"}],"collection":[{"href":"https:\/\/apartmani-luca.com\/de\/wp-json\/wp\/v2\/pages"}],"about":[{"href":"https:\/\/apartmani-luca.com\/de\/wp-json\/wp\/v2\/types\/page"}],"author":[{"embeddable":true,"href":"https:\/\/apartmani-luca.com\/de\/wp-json\/wp\/v2\/users\/2"}],"replies":[{"embeddable":true,"href":"https:\/\/apartmani-luca.com\/de\/wp-json\/wp\/v2\/comments?post=833"}],"version-history":[{"count":4,"href":"https:\/\/apartmani-luca.com\/de\/wp-json\/wp\/v2\/pages\/833\/revisions"}],"predecessor-version":[{"id":947,"href":"https:\/\/apartmani-luca.com\/de\/wp-json\/wp\/v2\/pages\/833\/revisions\/947"}],"wp:featuredmedia":[{"embeddable":true,"href":"https:\/\/apartmani-luca.com\/de\/wp-json\/wp\/v2\/media\/663"}],"wp:attachment":[{"href":"https:\/\/apartmani-luca.com\/de\/wp-json\/wp\/v2\/media?parent=833"}],"curies":[{"name":"wp","href":"https:\/\/api.w.org\/{rel}","templated":true}]}}