{"id":806,"date":"2014-02-20T14:59:27","date_gmt":"2014-02-20T13:59:27","guid":{"rendered":"https:\/\/apartmani-luca.com\/?page_id=806"},"modified":"2020-06-18T16:14:23","modified_gmt":"2020-06-18T15:14:23","slug":"appartements","status":"publish","type":"page","link":"https:\/\/apartmani-luca.com\/de\/appartements\/","title":{"rendered":"Appartements"},"content":{"rendered":"[vc_row][vc_column][vc_column_text css=&#8220;.vc_custom_1450002638896{margin-top: 70px !important;margin-bottom: 40px !important;}&#8220;]<a name=\"apartmani\"><\/a><\/p>\n<h1 style=\"text-align: center;\"><span style=\"color: #808080;\"><strong>Appartements<\/strong><\/span><\/h1>\n[\/vc_column_text][\/vc_column][\/vc_row][vc_row][vc_column][vc_column_text]\n<p style=\"text-align: justify;\"><span style=\"color: #8c8c8c;\">Die<strong> &#8222;Appartements Luca&#8220;<\/strong> befinden sich nahe Nin, der Stadt ber\u00fchmter Geschichte und kroatischer Herrscher. Nur 150 Meter vom Strand entfernt, bieten die Appartements einen ruhigen Aufenthalt im Schatten von Feigen und Weinreben.<\/span><\/p>\n<p style=\"text-align: justify;\"><span style=\"color: #8c8c8c;\">Ebenfalls bieten wir auch heimische Weine an, die auf treditionelle Art und Weise hergestellt werden, vom Weinberg, der sich in unmittelbarer N\u00e4he unserer Appartements befindet und so zus\u00e4tzlich zu einer gr\u00fcnen Oase, in der Sie sich erholen k\u00f6nnen, beitragen.<\/span><\/p>\n[\/vc_column_text][\/vc_column][\/vc_row][vc_row][vc_column width=&#8220;1\/4&#8243;]<a href=\"https:\/\/apartmani-luca.com\/de\/home-3\/blau\/\"  class=\"ult_price_action_button\" style=\"background:#447c9a;color:#ffffff;\"><div class=\"ult_pricing_table_wrap ult_info_table ult_design_5  ult-cs-custom  \">\r\n\t\t\t\t\t<div class=\"ult_pricing_table \" style=\"background:#e0e0e0;color:#8c8c8c; \"><div id=\"Info-table-wrap-2551\" class=\"ult_pricing_heading\" style=\"background:#447c9a;color:#ffffff;\">\r\n\t\t\t\t\t\t\t<h3 class=\"ult-responsive\"  data-ultimate-target='#Info-table-wrap-2551 h3'  data-responsive-json-new='{\"font-size\":\"desktop:30px;\",\"line-height\":\"\"}'  style=\"font-weight:bold;\">Blau<\/h3><\/div><!--ult_pricing_heading--><div class=\"ult_price_body_block\" style=\"background:#447c9a;color:#ffffff;\">\r\n\t\t\t\t\t\t\t<div class=\"ult_price_body\">\r\n\t\t\t\t\t\t\t\t<div class=\"ult_price\">\r\n\t\t\t\t\t\t\t\t\t<div class=\"ult-just-icon-wrapper  \"><div class=\"align-icon\" style=\"text-align:center;\">\n<div class=\"aio-icon-img \" style=\"font-size:200px;display:inline-block;\" >\n\t<img class=\"img-icon\" alt=\"\" src=\"https:\/\/apartmani-luca.com\/wp-content\/uploads\/2020\/06\/okvir-plavi.png\"\/>\n<\/div><\/div><\/div>\r\n\t\t\t\t\t\t\t\t<\/div>\r\n\t\t\t\t\t\t\t<\/div>\r\n\t\t\t\t\t\t<\/div><!--ult_price_body_block--><div id=\"info_table_features_wrap-7442\"  data-ultimate-target='#info_table_features_wrap-7442.ult_price_features'  data-responsive-json-new='{\"font-size\":\"desktop:30px;\",\"line-height\":\"desktop:30px;\"}'  class=\"ult-responsive ult_price_features\" style=\"font-weight:normal;\">\r\n\t\t\t\t\t\t\t<p style=\"margin: 15px;\">A2+2<\/p>\n\r\n\t\t\t\t\t\t<\/div><!--ult_price_features--><div class=\"ult_clr\"><\/div>\r\n\t\t\t<\/div><!--pricing_table-->\r\n\t\t<\/div><!--pricing_table_wrap--><\/a>[\/vc_column][vc_column width=&#8220;1\/4&#8243;]<a href=\"https:\/\/apartmani-luca.com\/de\/home-3\/orange\/\"  class=\"ult_price_action_button\" style=\"background:#efa056;color:#ffffff;\"><div class=\"ult_pricing_table_wrap ult_info_table ult_design_5  ult-cs-custom  \">\r\n\t\t\t\t\t<div class=\"ult_pricing_table \" style=\"background:#e0e0e0;color:#8c8c8c; \"><div id=\"Info-table-wrap-6895\" class=\"ult_pricing_heading\" style=\"background:#efa056;color:#ffffff;\">\r\n\t\t\t\t\t\t\t<h3 class=\"ult-responsive\"  data-ultimate-target='#Info-table-wrap-6895 h3'  data-responsive-json-new='{\"font-size\":\"desktop:30px;\",\"line-height\":\"\"}'  style=\"font-weight:bold;\">Orange<\/h3><\/div><!--ult_pricing_heading--><div class=\"ult_price_body_block\" style=\"background:#efa056;color:#ffffff;\">\r\n\t\t\t\t\t\t\t<div class=\"ult_price_body\">\r\n\t\t\t\t\t\t\t\t<div class=\"ult_price\">\r\n\t\t\t\t\t\t\t\t\t<div class=\"ult-just-icon-wrapper  \"><div class=\"align-icon\" style=\"text-align:center;\">\n<div class=\"aio-icon-img \" style=\"font-size:200px;display:inline-block;\" >\n\t<img class=\"img-icon\" alt=\"\" src=\"https:\/\/apartmani-luca.com\/wp-content\/uploads\/2020\/06\/okvir-narancasti.png\"\/>\n<\/div><\/div><\/div>\r\n\t\t\t\t\t\t\t\t<\/div>\r\n\t\t\t\t\t\t\t<\/div>\r\n\t\t\t\t\t\t<\/div><!--ult_price_body_block--><div id=\"info_table_features_wrap-8211\"  data-ultimate-target='#info_table_features_wrap-8211.ult_price_features'  data-responsive-json-new='{\"font-size\":\"desktop:30px;\",\"line-height\":\"desktop:30px;\"}'  class=\"ult-responsive ult_price_features\" style=\"font-weight:normal;\">\r\n\t\t\t\t\t\t\t<p style=\"margin: 15px;\">A4<\/p>\n\r\n\t\t\t\t\t\t<\/div><!--ult_price_features--><div class=\"ult_clr\"><\/div>\r\n\t\t\t<\/div><!--pricing_table-->\r\n\t\t<\/div><!--pricing_table_wrap--><\/a>[\/vc_column][vc_column width=&#8220;1\/4&#8243;]<a href=\"https:\/\/apartmani-luca.com\/de\/home-3\/gelb\/\"  class=\"ult_price_action_button\" style=\"background:#f3d164;color:#ffffff;\"><div class=\"ult_pricing_table_wrap ult_info_table ult_design_5  ult-cs-custom  \">\r\n\t\t\t\t\t<div class=\"ult_pricing_table \" style=\"background:#e0e0e0;color:#8c8c8c; \"><div id=\"Info-table-wrap-6498\" class=\"ult_pricing_heading\" style=\"background:#f3d164;color:#ffffff;\">\r\n\t\t\t\t\t\t\t<h3 class=\"ult-responsive\"  data-ultimate-target='#Info-table-wrap-6498 h3'  data-responsive-json-new='{\"font-size\":\"desktop:30px;\",\"line-height\":\"\"}'  style=\"font-weight:bold;\">Gelb<\/h3><\/div><!--ult_pricing_heading--><div class=\"ult_price_body_block\" style=\"background:#f3d164;color:#ffffff;\">\r\n\t\t\t\t\t\t\t<div class=\"ult_price_body\">\r\n\t\t\t\t\t\t\t\t<div class=\"ult_price\">\r\n\t\t\t\t\t\t\t\t\t<div class=\"ult-just-icon-wrapper  \"><div class=\"align-icon\" style=\"text-align:center;\">\n<div class=\"aio-icon-img \" style=\"font-size:200px;display:inline-block;\" >\n\t<img class=\"img-icon\" alt=\"\" src=\"https:\/\/apartmani-luca.com\/wp-content\/uploads\/2020\/06\/okvir-zuti.png\"\/>\n<\/div><\/div><\/div>\r\n\t\t\t\t\t\t\t\t<\/div>\r\n\t\t\t\t\t\t\t<\/div>\r\n\t\t\t\t\t\t<\/div><!--ult_price_body_block--><div id=\"info_table_features_wrap-8179\"  data-ultimate-target='#info_table_features_wrap-8179.ult_price_features'  data-responsive-json-new='{\"font-size\":\"desktop:30px;\",\"line-height\":\"desktop:30px;\"}'  class=\"ult-responsive ult_price_features\" style=\"font-weight:normal;\">\r\n\t\t\t\t\t\t\t<p style=\"margin: 15px;\">A2+2<\/p>\n\r\n\t\t\t\t\t\t<\/div><!--ult_price_features--><div class=\"ult_clr\"><\/div>\r\n\t\t\t<\/div><!--pricing_table-->\r\n\t\t<\/div><!--pricing_table_wrap--><\/a>[\/vc_column][vc_column width=&#8220;1\/4&#8243;]<a href=\"https:\/\/apartmani-luca.com\/de\/home-3\/braun\/\"  class=\"ult_price_action_button\" style=\"background:#aa7039;color:#ffffff;\"><div class=\"ult_pricing_table_wrap ult_info_table ult_design_5  ult-cs-custom  \">\r\n\t\t\t\t\t<div class=\"ult_pricing_table \" style=\"background:#e0e0e0;color:#8c8c8c; \"><div id=\"Info-table-wrap-8938\" class=\"ult_pricing_heading\" style=\"background:#aa7039;color:#ffffff;\">\r\n\t\t\t\t\t\t\t<h3 class=\"ult-responsive\"  data-ultimate-target='#Info-table-wrap-8938 h3'  data-responsive-json-new='{\"font-size\":\"desktop:30px;\",\"line-height\":\"\"}'  style=\"font-weight:bold;\">Braun<\/h3><\/div><!--ult_pricing_heading--><div class=\"ult_price_body_block\" style=\"background:#aa7039;color:#ffffff;\">\r\n\t\t\t\t\t\t\t<div class=\"ult_price_body\">\r\n\t\t\t\t\t\t\t\t<div class=\"ult_price\">\r\n\t\t\t\t\t\t\t\t\t<div class=\"ult-just-icon-wrapper  \"><div class=\"align-icon\" style=\"text-align:center;\">\n<div class=\"aio-icon-img \" style=\"font-size:200px;display:inline-block;\" >\n\t<img class=\"img-icon\" alt=\"\" src=\"https:\/\/apartmani-luca.com\/wp-content\/uploads\/2020\/06\/okvir-smedi.png\"\/>\n<\/div><\/div><\/div>\r\n\t\t\t\t\t\t\t\t<\/div>\r\n\t\t\t\t\t\t\t<\/div>\r\n\t\t\t\t\t\t<\/div><!--ult_price_body_block--><div id=\"info_table_features_wrap-7644\"  data-ultimate-target='#info_table_features_wrap-7644.ult_price_features'  data-responsive-json-new='{\"font-size\":\"desktop:30px;\",\"line-height\":\"desktop:30px;\"}'  class=\"ult-responsive ult_price_features\" style=\"font-weight:normal;\">\r\n\t\t\t\t\t\t\t<p style=\"margin: 15px;\">A4<\/p>\n\r\n\t\t\t\t\t\t<\/div><!--ult_price_features--><div class=\"ult_clr\"><\/div>\r\n\t\t\t<\/div><!--pricing_table-->\r\n\t\t<\/div><!--pricing_table_wrap--><\/a>[\/vc_column][\/vc_row][vc_row][vc_column width=&#8220;1\/4&#8243;]<a href=\"https:\/\/apartmani-luca.com\/de\/home-3\/weis\/\"  class=\"ult_price_action_button\" style=\"background:#adadad;color:#ffffff;\"><div class=\"ult_pricing_table_wrap ult_info_table ult_design_5  ult-cs-custom  \">\r\n\t\t\t\t\t<div class=\"ult_pricing_table \" style=\"background:#e0e0e0;color:#8c8c8c; \"><div id=\"Info-table-wrap-4224\" class=\"ult_pricing_heading\" style=\"background:#adadad;color:#ffffff;\">\r\n\t\t\t\t\t\t\t<h3 class=\"ult-responsive\"  data-ultimate-target='#Info-table-wrap-4224 h3'  data-responsive-json-new='{\"font-size\":\"desktop:30px;\",\"line-height\":\"\"}'  style=\"font-weight:bold;\">Wei\u00df<\/h3><\/div><!--ult_pricing_heading--><div class=\"ult_price_body_block\" style=\"background:#adadad;color:#ffffff;\">\r\n\t\t\t\t\t\t\t<div class=\"ult_price_body\">\r\n\t\t\t\t\t\t\t\t<div class=\"ult_price\">\r\n\t\t\t\t\t\t\t\t\t<div class=\"ult-just-icon-wrapper  \"><div class=\"align-icon\" style=\"text-align:center;\">\n<div class=\"aio-icon-img \" style=\"font-size:200px;display:inline-block;\" >\n\t<img class=\"img-icon\" alt=\"\" src=\"https:\/\/apartmani-luca.com\/wp-content\/uploads\/2015\/12\/bijeli-okvir.png\"\/>\n<\/div><\/div><\/div>\r\n\t\t\t\t\t\t\t\t<\/div>\r\n\t\t\t\t\t\t\t<\/div>\r\n\t\t\t\t\t\t<\/div><!--ult_price_body_block--><div id=\"info_table_features_wrap-7974\"  data-ultimate-target='#info_table_features_wrap-7974.ult_price_features'  data-responsive-json-new='{\"font-size\":\"desktop:30px;\",\"line-height\":\"desktop:30px;\"}'  class=\"ult-responsive ult_price_features\" style=\"font-weight:normal;\">\r\n\t\t\t\t\t\t\t<p style=\"margin: 15px;\">A4+1<\/p>\n\r\n\t\t\t\t\t\t<\/div><!--ult_price_features--><div class=\"ult_clr\"><\/div>\r\n\t\t\t<\/div><!--pricing_table-->\r\n\t\t<\/div><!--pricing_table_wrap--><\/a>[\/vc_column][vc_column width=&#8220;1\/4&#8243;]<a href=\"https:\/\/apartmani-luca.com\/de\/home-3\/violett\/\"  class=\"ult_price_action_button\" style=\"background:#6761a8;color:#ffffff;\"><div class=\"ult_pricing_table_wrap ult_info_table ult_design_5  ult-cs-custom  \">\r\n\t\t\t\t\t<div class=\"ult_pricing_table \" style=\"background:#e0e0e0;color:#8c8c8c; \"><div id=\"Info-table-wrap-6232\" class=\"ult_pricing_heading\" style=\"background:#6761a8;color:#ffffff;\">\r\n\t\t\t\t\t\t\t<h3 class=\"ult-responsive\"  data-ultimate-target='#Info-table-wrap-6232 h3'  data-responsive-json-new='{\"font-size\":\"desktop:30px;\",\"line-height\":\"\"}'  style=\"font-weight:bold;\">Violett<\/h3><\/div><!--ult_pricing_heading--><div class=\"ult_price_body_block\" style=\"background:#6761a8;color:#ffffff;\">\r\n\t\t\t\t\t\t\t<div class=\"ult_price_body\">\r\n\t\t\t\t\t\t\t\t<div class=\"ult_price\">\r\n\t\t\t\t\t\t\t\t\t<div class=\"ult-just-icon-wrapper  \"><div class=\"align-icon\" style=\"text-align:center;\">\n<div class=\"aio-icon-img \" style=\"font-size:200px;display:inline-block;\" >\n\t<img class=\"img-icon\" alt=\"\" src=\"https:\/\/apartmani-luca.com\/wp-content\/uploads\/2015\/12\/ljubicasti-okvir.png\"\/>\n<\/div><\/div><\/div>\r\n\t\t\t\t\t\t\t\t<\/div>\r\n\t\t\t\t\t\t\t<\/div>\r\n\t\t\t\t\t\t<\/div><!--ult_price_body_block--><div id=\"info_table_features_wrap-6307\"  data-ultimate-target='#info_table_features_wrap-6307.ult_price_features'  data-responsive-json-new='{\"font-size\":\"desktop:30px;\",\"line-height\":\"desktop:30px;\"}'  class=\"ult-responsive ult_price_features\" style=\"font-weight:normal;\">\r\n\t\t\t\t\t\t\t<p style=\"margin: 15px;\">A4+1<\/p>\n\r\n\t\t\t\t\t\t<\/div><!--ult_price_features--><div class=\"ult_clr\"><\/div>\r\n\t\t\t<\/div><!--pricing_table-->\r\n\t\t<\/div><!--pricing_table_wrap--><\/a>[\/vc_column][vc_column width=&#8220;1\/4&#8243;]<a href=\"https:\/\/apartmani-luca.com\/de\/home-3\/grun\/\"  class=\"ult_price_action_button\" style=\"background:#69b569;color:#ffffff;\"><div class=\"ult_pricing_table_wrap ult_info_table ult_design_5  ult-cs-custom  \">\r\n\t\t\t\t\t<div class=\"ult_pricing_table \" style=\"background:#e0e0e0;color:#8c8c8c; \"><div id=\"Info-table-wrap-8793\" class=\"ult_pricing_heading\" style=\"background:#69b569;color:#ffffff;\">\r\n\t\t\t\t\t\t\t<h3 class=\"ult-responsive\"  data-ultimate-target='#Info-table-wrap-8793 h3'  data-responsive-json-new='{\"font-size\":\"desktop:30px;\",\"line-height\":\"\"}'  style=\"font-weight:bold;\">Gr\u00fcn<\/h3><\/div><!--ult_pricing_heading--><div class=\"ult_price_body_block\" style=\"background:#69b569;color:#ffffff;\">\r\n\t\t\t\t\t\t\t<div class=\"ult_price_body\">\r\n\t\t\t\t\t\t\t\t<div class=\"ult_price\">\r\n\t\t\t\t\t\t\t\t\t<div class=\"ult-just-icon-wrapper  \"><div class=\"align-icon\" style=\"text-align:center;\">\n<div class=\"aio-icon-img \" style=\"font-size:200px;display:inline-block;\" >\n\t<img class=\"img-icon\" alt=\"\" src=\"https:\/\/apartmani-luca.com\/wp-content\/uploads\/2020\/06\/okvir-zeleni.png\"\/>\n<\/div><\/div><\/div>\r\n\t\t\t\t\t\t\t\t<\/div>\r\n\t\t\t\t\t\t\t<\/div>\r\n\t\t\t\t\t\t<\/div><!--ult_price_body_block--><div id=\"info_table_features_wrap-7397\"  data-ultimate-target='#info_table_features_wrap-7397.ult_price_features'  data-responsive-json-new='{\"font-size\":\"desktop:30px;\",\"line-height\":\"desktop:30px;\"}'  class=\"ult-responsive ult_price_features\" style=\"font-weight:normal;\">\r\n\t\t\t\t\t\t\t<p style=\"margin: 15px;\">A4<\/p>\n\r\n\t\t\t\t\t\t<\/div><!--ult_price_features--><div class=\"ult_clr\"><\/div>\r\n\t\t\t<\/div><!--pricing_table-->\r\n\t\t<\/div><!--pricing_table_wrap--><\/a>[\/vc_column][vc_column width=&#8220;1\/4&#8243;]<a href=\"https:\/\/apartmani-luca.com\/de\/home-3\/galerie\/\"  class=\"ult_price_action_button\" style=\"background:#f9f9f9;color:#f9f9f9;\"><div class=\"ult_pricing_table_wrap ult_info_table ult_design_5  ult-cs-custom  \">\r\n\t\t\t\t\t<div class=\"ult_pricing_table \" style=\"background:#e0e0e0;color:#8c8c8c; \"><div id=\"Info-table-wrap-5999\" class=\"ult_pricing_heading\" style=\"background:#f9f9f9;color:#f9f9f9;\">\r\n\t\t\t\t\t\t\t<h3 class=\"ult-responsive\"  data-ultimate-target='#Info-table-wrap-5999 h3'  data-responsive-json-new='{\"font-size\":\"desktop:30px;\",\"line-height\":\"\"}'  style=\"font-weight:bold;\">...<\/h3><\/div><!--ult_pricing_heading--><div class=\"ult_price_body_block\" style=\"background:#f9f9f9;color:#f9f9f9;\">\r\n\t\t\t\t\t\t\t<div class=\"ult_price_body\">\r\n\t\t\t\t\t\t\t\t<div class=\"ult_price\">\r\n\t\t\t\t\t\t\t\t\t<div class=\"ult-just-icon-wrapper  \"><div class=\"align-icon\" style=\"text-align:center;\">\n<div class=\"aio-icon-img \" style=\"font-size:200px;display:inline-block;\" >\n\t<img class=\"img-icon\" alt=\"\" src=\"https:\/\/apartmani-luca.com\/wp-content\/uploads\/2020\/06\/okvir-galerija.png\"\/>\n<\/div><\/div><\/div>\r\n\t\t\t\t\t\t\t\t<\/div>\r\n\t\t\t\t\t\t\t<\/div>\r\n\t\t\t\t\t\t<\/div><!--ult_price_body_block--><div id=\"info_table_features_wrap-7796\"  data-ultimate-target='#info_table_features_wrap-7796.ult_price_features'  data-responsive-json-new='{\"font-size\":\"desktop:30px;\",\"line-height\":\"desktop:30px;\"}'  class=\"ult-responsive ult_price_features\" style=\"font-weight:normal;\">\r\n\t\t\t\t\t\t\t<p style=\"margin: 15px;\">Galerie<\/p>\n\r\n\t\t\t\t\t\t<\/div><!--ult_price_features--><div class=\"ult_clr\"><\/div>\r\n\t\t\t<\/div><!--pricing_table-->\r\n\t\t<\/div><!--pricing_table_wrap--><\/a>[\/vc_column][\/vc_row][vc_row][\/vc_row][vc_column][\/vc_column]\n","protected":false},"excerpt":{"rendered":"<p>[vc_row][vc_column][vc_column_text css=&#8220;.vc_custom_1450002638896{margin-top: 70px !important;margin-bottom: 40px !important;}&#8220;] Appartements [\/vc_column_text][\/vc_column][\/vc_row][vc_row][vc_column][vc_column_text] Die &#8222;Appartements Luca&#8220; befinden sich nahe Nin, der Stadt ber\u00fchmter Geschichte und kroatischer Herrscher. Nur 150 Meter vom Strand entfernt, bieten die Appartements einen ruhigen Aufenthalt im Schatten von Feigen und Weinreben. Ebenfalls bieten wir auch heimische Weine an, die auf treditionelle Art und Weise hergestellt werden, vom Weinberg, der sich in unmittelbarer N\u00e4he unserer Appartements befindet und so zus\u00e4tzlich zu einer gr\u00fcnen Oase, in der Sie sich erholen k\u00f6nnen, beitragen. [\/vc_column_text][\/vc_column][\/vc_row][vc_row][vc_column width=&#8220;1\/4&#8243;][\/vc_column][vc_column width=&#8220;1\/4&#8243;][\/vc_column][vc_column width=&#8220;1\/4&#8243;][\/vc_column][vc_column width=&#8220;1\/4&#8243;][\/vc_column][\/vc_row][vc_row][vc_column width=&#8220;1\/4&#8243;][\/vc_column][vc_column width=&#8220;1\/4&#8243;][\/vc_column][vc_column width=&#8220;1\/4&#8243;][\/vc_column][vc_column width=&#8220;1\/4&#8243;][\/vc_column][\/vc_row][vc_row][\/vc_row][vc_column][\/vc_column]<\/p>\n","protected":false},"author":2,"featured_media":0,"parent":0,"menu_order":1,"comment_status":"closed","ping_status":"closed","template":"","meta":[],"_links":{"self":[{"href":"https:\/\/apartmani-luca.com\/de\/wp-json\/wp\/v2\/pages\/806"}],"collection":[{"href":"https:\/\/apartmani-luca.com\/de\/wp-json\/wp\/v2\/pages"}],"about":[{"href":"https:\/\/apartmani-luca.com\/de\/wp-json\/wp\/v2\/types\/page"}],"author":[{"embeddable":true,"href":"https:\/\/apartmani-luca.com\/de\/wp-json\/wp\/v2\/users\/2"}],"replies":[{"embeddable":true,"href":"https:\/\/apartmani-luca.com\/de\/wp-json\/wp\/v2\/comments?post=806"}],"version-history":[{"count":9,"href":"https:\/\/apartmani-luca.com\/de\/wp-json\/wp\/v2\/pages\/806\/revisions"}],"predecessor-version":[{"id":2697,"href":"https:\/\/apartmani-luca.com\/de\/wp-json\/wp\/v2\/pages\/806\/revisions\/2697"}],"wp:attachment":[{"href":"https:\/\/apartmani-luca.com\/de\/wp-json\/wp\/v2\/media?parent=806"}],"curies":[{"name":"wp","href":"https:\/\/api.w.org\/{rel}","templated":true}]}}