{"id":611,"date":"2014-02-10T01:33:03","date_gmt":"2014-02-10T00:33:03","guid":{"rendered":"https:\/\/apartmani-luca.com\/?page_id=611"},"modified":"2014-06-10T09:38:21","modified_gmt":"2014-06-10T08:38:21","slug":"wind-kitesurfing","status":"publish","type":"page","link":"https:\/\/apartmani-luca.com\/cs\/wind-kitesurfing\/","title":{"rendered":"Wind &#038; Kitesurfing"},"content":{"rendered":"<h2 class=\"pagetitle \">Windsurfing<\/h2>\n<p><a href=\"https:\/\/apartmani-luca.com\/wp-content\/uploads\/2011\/11\/Sabunike4.jpg\"><img loading=\"lazy\" class=\"size-full wp-image-45 alignleft\" title=\"Sabunike4\" alt=\"\" src=\"https:\/\/apartmani-luca.com\/wp-content\/uploads\/2011\/11\/Sabunike4.jpg\" width=\"300\" height=\"224\" \/><\/a><\/p>\n<p>Nin Beach Sabunike je jedn\u00edm z nejzn\u00e1m\u011bj\u0161\u00edch windsurfingu m\u00edst v Chorvatsku. Vyzna\u010duje se t\u0159emi v\u011btrem &#8220;b\u00f3ra&#8221;, &#8220;Jugo&#8221; a &#8220;Maestral&#8221;, z nich\u017e ka\u017ed\u00fd m\u00e1 vlastn\u00ed kouzlo.<br \/>\n&#8220;Bura&#8221; m\u00e1 zcela otev\u0159enou cestu z Velebit kan\u00e1lu a \u010dasto dosahuje rychlosti v\u011bt\u0161\u00ed ne\u017e 50 uzl\u016f! &#8220;Jugo&#8221;, pob\u0159e\u017en\u00ed v\u011btrn\u00e9, vytv\u00e1\u0159\u00ed ide\u00e1ln\u00ed podm\u00ednky pro stojat\u00e9 rychlosti testov\u00e1n\u00ed va\u0161ich desek. Tepl\u00e9 letn\u00ed term\u00e1ln\u00ed v\u00edtr &#8220;Maestral&#8221; fouk\u00e1 ka\u017ed\u00fd den t\u0159in\u00e1ct hodin a\u017e osmn\u00e1ct hodin a d\u00e1v\u00e1 v\u00e1m mo\u017enost uvoln\u011bn\u00e9 freeride.<br \/>\nNejlep\u0161\u00ed je, \u017ee Nin Bay je uzav\u0159en ze v\u0161ech stran, tak\u017ee nehroz\u00ed nebezpe\u010d\u00ed, \u017ee v\u00edtr nese t\u011b na otev\u0159en\u00e9 mo\u0159e. Sabunike je ide\u00e1ln\u00edm m\u00edstem jak pro zku\u0161en\u00e9 surfa\u0159e, stejn\u011b jako pro za\u010d\u00e1te\u010dn\u00edky, kte\u0159\u00ed budou schopni u\u010dit sv\u00e9 dovednosti v windsurfingu \u0161kolu v Sabunike pl\u00e1\u017ei. Pro\u017eijte svou dovolenou aktivn\u011b a nau\u010dit se surfovat, garantujeme v\u00e1m bude zase p\u0159\u00ed\u0161t\u00ed rok v v\u011btrn\u00e9m Nin.<\/p>\n<p>&nbsp;<\/p>\n<p><a href=\"https:\/\/apartmani-luca.com\/wp-content\/uploads\/2011\/11\/21.jpg\"><img loading=\"lazy\" class=\"size-medium wp-image-412 alignleft\" alt=\"2\" src=\"https:\/\/apartmani-luca.com\/wp-content\/uploads\/2011\/11\/21-300x217.jpg\" width=\"300\" height=\"217\" srcset=\"https:\/\/apartmani-luca.com\/wp-content\/uploads\/2011\/11\/21-300x217.jpg 300w, https:\/\/apartmani-luca.com\/wp-content\/uploads\/2011\/11\/21-222x160.jpg 222w, https:\/\/apartmani-luca.com\/wp-content\/uploads\/2011\/11\/21.jpg 640w\" sizes=\"(max-width: 300px) 100vw, 300px\" \/><\/a>P\u0159\u00edstup na pl\u00e1\u017e je zaji\u0161t\u011bna ze t\u0159\u00ed stran, dvou p\u0159\u00edmo od Nin a jeden z Sabunike, a m\u016f\u017eete p\u0159ij\u00edt v bl\u00edzkosti mo\u0159e autem. Parkov\u00e1n\u00ed je tak\u00e9 k dispozici na pl\u00e1\u017ei.<\/p>\n<p>Dno je p\u00edsek a speci\u00e1ln\u00ed atrakc\u00ed Sabunike je m\u011blk\u00e9 mo\u0159e, co\u017e v kombinaci s p\u00eds\u010dit\u00fdm dnem vytv\u00e1\u0159\u00ed podm\u00ednky, kter\u00e9 lze nal\u00e9zt pouze v tropech. Na vzd\u00e1lenost a\u017e 200 metr\u016f od b\u0159ehu mo\u0159e, je jen 1m hlubok\u00e1. Ide\u00e1ln\u00ed podm\u00ednky pro freestyle, proto\u017ee ka\u017ed\u00fd se nezda\u0159ilo trik kon\u010d\u00ed s p\u011bkn\u00fdm pl\u00e1\u017ee start a okam\u017eit\u011b jste p\u0159ipraveni to zkusit znovu.<\/p>\n<p>&nbsp;<\/p>\n<p><a href=\"https:\/\/apartmani-luca.com\/wp-content\/uploads\/2011\/11\/31.jpg\"><img loading=\"lazy\" class=\"size-medium wp-image-413 alignleft\" alt=\"3\" src=\"https:\/\/apartmani-luca.com\/wp-content\/uploads\/2011\/11\/31-300x159.jpg\" width=\"300\" height=\"159\" srcset=\"https:\/\/apartmani-luca.com\/wp-content\/uploads\/2011\/11\/31-300x159.jpg 300w, https:\/\/apartmani-luca.com\/wp-content\/uploads\/2011\/11\/31.jpg 800w\" sizes=\"(max-width: 300px) 100vw, 300px\" \/><\/a>Vzhledem k m\u011blk\u00e9 mo\u0159e, pl\u00e1\u017e je nejatraktivn\u011bj\u0161\u00ed v Jadranu se nau\u010dit kitesurfing. B\u011bhem &#8220;Bura&#8221; v\u00edtr v\u00e1m bude \u0159\u00eddit paraleln\u011b po cel\u00e9 d\u00e9lce pl\u00e1\u017ee, tak\u017ee u\u017e nikdy dostat ven z m\u011blk\u00e9 z\u00f3ny, pokud budete cht\u00edt.<\/p>\n<p>&nbsp;<\/p>\n<p>&nbsp;<\/p>\n<p>&nbsp;<\/p>\n<p><a href=\"https:\/\/apartmani-luca.com\/wp-content\/uploads\/2011\/11\/sabunike-bura.jpg\"><img loading=\"lazy\" class=\"size-full wp-image-46 alignleft\" title=\"sabunike-bura\" alt=\"\" src=\"https:\/\/apartmani-luca.com\/wp-content\/uploads\/2011\/11\/sabunike-bura.jpg\" width=\"300\" height=\"225\" \/><\/a><\/p>\n<p>V\u00e1s zaj\u00edmalo, co kdy\u017e chci \u0159\u00eddit formuli, a to je tak povrchn\u00ed? V po\u0159\u00e1dku. Na v\u00fdchodn\u00ed stran\u011b pl\u00e1\u017ee bl\u00ed\u017ee k Ninu mo\u0159e je dostate\u010dn\u011b hluboko pro vzorce a jeho 70 cm ploutve.<\/p>\n<p><a href=\"http:\/\/prognoza.hr\/karte_e.php?id=dada&amp;param=zd&amp;it=63\" target=\"_blank\">\u00a0V\u00edtr P\u0159edpov\u011b\u010f po\u010das\u00ed<\/a><\/p>\n","protected":false},"excerpt":{"rendered":"<p>Windsurfing Nin Beach Sabunike je jedn\u00edm z nejzn\u00e1m\u011bj\u0161\u00edch windsurfingu m\u00edst v Chorvatsku. Vyzna\u010duje se t\u0159emi v\u011btrem &#8220;b\u00f3ra&#8221;, &#8220;Jugo&#8221; a &#8220;Maestral&#8221;, z nich\u017e ka\u017ed\u00fd m\u00e1 vlastn\u00ed kouzlo. &#8220;Bura&#8221; m\u00e1 zcela otev\u0159enou cestu z Velebit kan\u00e1lu a \u010dasto dosahuje rychlosti v\u011bt\u0161\u00ed ne\u017e 50 uzl\u016f! &#8220;Jugo&#8221;, pob\u0159e\u017en\u00ed v\u011btrn\u00e9, vytv\u00e1\u0159\u00ed ide\u00e1ln\u00ed podm\u00ednky pro stojat\u00e9 rychlosti testov\u00e1n\u00ed va\u0161ich desek. Tepl\u00e9 letn\u00ed term\u00e1ln\u00ed v\u00edtr &#8220;Maestral&#8221; fouk\u00e1 ka\u017ed\u00fd den t\u0159in\u00e1ct hodin a\u017e osmn\u00e1ct hodin a d\u00e1v\u00e1 v\u00e1m mo\u017enost uvoln\u011bn\u00e9 freeride. Nejlep\u0161\u00ed je, \u017ee Nin Bay je uzav\u0159en ze v\u0161ech stran, tak\u017ee nehroz\u00ed nebezpe\u010d\u00ed, \u017ee v\u00edtr nese t\u011b na otev\u0159en\u00e9 mo\u0159e. Sabunike je ide\u00e1ln\u00edm m\u00edstem jak pro zku\u0161en\u00e9 surfa\u0159e, stejn\u011b jako pro za\u010d\u00e1te\u010dn\u00edky, kte\u0159\u00ed budou schopni u\u010dit sv\u00e9 dovednosti v windsurfingu \u0161kolu v Sabunike pl\u00e1\u017ei. Pro\u017eijte svou dovolenou aktivn\u011b a nau\u010dit se surfovat, garantujeme v\u00e1m bude zase p\u0159\u00ed\u0161t\u00ed rok v v\u011btrn\u00e9m Nin. &nbsp; P\u0159\u00edstup na pl\u00e1\u017e je zaji\u0161t\u011bna ze t\u0159\u00ed stran, dvou p\u0159\u00edmo od Nin a jeden z Sabunike, a m\u016f\u017eete p\u0159ij\u00edt v bl\u00edzkosti mo\u0159e autem. Parkov\u00e1n\u00ed je tak\u00e9 k dispozici na pl\u00e1\u017ei. Dno je p\u00edsek a speci\u00e1ln\u00ed atrakc\u00ed Sabunike je m\u011blk\u00e9 mo\u0159e, co\u017e v kombinaci s p\u00eds\u010dit\u00fdm dnem vytv\u00e1\u0159\u00ed podm\u00ednky, kter\u00e9 lze nal\u00e9zt pouze v tropech. Na vzd\u00e1lenost a\u017e 200 metr\u016f od b\u0159ehu mo\u0159e, je jen 1m hlubok\u00e1. Ide\u00e1ln\u00ed podm\u00ednky pro freestyle, proto\u017ee ka\u017ed\u00fd se nezda\u0159ilo trik kon\u010d\u00ed s p\u011bkn\u00fdm pl\u00e1\u017ee start a okam\u017eit\u011b jste p\u0159ipraveni to zkusit znovu. &nbsp; Vzhledem k m\u011blk\u00e9 mo\u0159e, pl\u00e1\u017e je nejatraktivn\u011bj\u0161\u00ed v Jadranu se nau\u010dit kitesurfing. B\u011bhem &#8220;Bura&#8221; v\u00edtr v\u00e1m bude \u0159\u00eddit paraleln\u011b po cel\u00e9 d\u00e9lce pl\u00e1\u017ee, tak\u017ee u\u017e nikdy dostat ven z m\u011blk\u00e9 z\u00f3ny, pokud budete cht\u00edt. &nbsp; &nbsp; &nbsp; V\u00e1s zaj\u00edmalo, co kdy\u017e chci \u0159\u00eddit formuli, a to je tak povrchn\u00ed? V po\u0159\u00e1dku. Na v\u00fdchodn\u00ed stran\u011b pl\u00e1\u017ee bl\u00ed\u017ee k Ninu mo\u0159e je dostate\u010dn\u011b hluboko pro vzorce a jeho 70 cm ploutve. \u00a0V\u00edtr P\u0159edpov\u011b\u010f po\u010das\u00ed<\/p>\n","protected":false},"author":2,"featured_media":663,"parent":0,"menu_order":4,"comment_status":"closed","ping_status":"closed","template":"","meta":[],"_links":{"self":[{"href":"https:\/\/apartmani-luca.com\/cs\/wp-json\/wp\/v2\/pages\/611"}],"collection":[{"href":"https:\/\/apartmani-luca.com\/cs\/wp-json\/wp\/v2\/pages"}],"about":[{"href":"https:\/\/apartmani-luca.com\/cs\/wp-json\/wp\/v2\/types\/page"}],"author":[{"embeddable":true,"href":"https:\/\/apartmani-luca.com\/cs\/wp-json\/wp\/v2\/users\/2"}],"replies":[{"embeddable":true,"href":"https:\/\/apartmani-luca.com\/cs\/wp-json\/wp\/v2\/comments?post=611"}],"version-history":[{"count":4,"href":"https:\/\/apartmani-luca.com\/cs\/wp-json\/wp\/v2\/pages\/611\/revisions"}],"predecessor-version":[{"id":952,"href":"https:\/\/apartmani-luca.com\/cs\/wp-json\/wp\/v2\/pages\/611\/revisions\/952"}],"wp:featuredmedia":[{"embeddable":true,"href":"https:\/\/apartmani-luca.com\/cs\/wp-json\/wp\/v2\/media\/663"}],"wp:attachment":[{"href":"https:\/\/apartmani-luca.com\/cs\/wp-json\/wp\/v2\/media?parent=611"}],"curies":[{"name":"wp","href":"https:\/\/api.w.org\/{rel}","templated":true}]}}