{"id":575,"date":"2014-02-10T01:10:07","date_gmt":"2014-02-10T00:10:07","guid":{"rendered":"https:\/\/apartmani-luca.com\/?page_id=575"},"modified":"2020-06-19T05:09:09","modified_gmt":"2020-06-19T04:09:09","slug":"apartmany","status":"publish","type":"page","link":"https:\/\/apartmani-luca.com\/cs\/apartmany\/","title":{"rendered":"Apartm\u00e1ny"},"content":{"rendered":"[vc_row][vc_column][vc_column_text css=&#8221;.vc_custom_1450002638896{margin-top: 70px !important;margin-bottom: 40px !important;}&#8221;]<a name=\"apartmani\"><\/a><\/p>\n<h1 style=\"text-align: center;\"><span style=\"color: #808080;\"><strong>Apartm\u00e1ny<\/strong><\/span><\/h1>\n[\/vc_column_text][\/vc_column][\/vc_row][vc_row][vc_column][vc_column_text]\n<p style=\"text-align: justify;\"><span style=\"color: #8c8c8c;\"><strong>\u201cLuca Apartments\u201d<\/strong> se nach\u00e1z\u00ed v Ninu, v m\u011bst\u011b slavn\u00e9 minulosti a domov\u011b starov\u011bk\u00fdch chorvatsk\u00fdch vl\u00e1dc\u016f. A v p\u0159ilehl\u00fdch apartm\u00e1nech si m\u016f\u017eete odpo\u010dinout ve st\u00ednu f\u00edk\u016f a vinic.<\/span><\/p>\n<p style=\"text-align: justify;\"><span style=\"color: #8c8c8c;\">Nab\u00edz\u00edme tak\u00e9 m\u00edstn\u00ed v\u00edna tradi\u010dn\u011b vyr\u00e1b\u011bn\u00e1 z vinice nach\u00e1zej\u00edc\u00ed se \u2026 v\u0161echna okoln\u00ed zele\u0148 p\u0159isp\u00edv\u00e1 k relaxaci a vychutn\u00e1v\u00e1n\u00ed m\u00edstn\u00edho v\u00edna.<\/span><\/p>\n[\/vc_column_text][\/vc_column][\/vc_row][vc_row][vc_column width=&#8221;1\/4&#8243;]<a href=\"https:\/\/apartmani-luca.com\/cs\/571-2\/modra\/\"  class=\"ult_price_action_button\" style=\"background:#447c9a;color:#ffffff;\"><div class=\"ult_pricing_table_wrap ult_info_table ult_design_5  ult-cs-custom  \">\r\n\t\t\t\t\t<div class=\"ult_pricing_table \" style=\"background:#e0e0e0;color:#8c8c8c; \"><div id=\"Info-table-wrap-1352\" class=\"ult_pricing_heading\" style=\"background:#447c9a;color:#ffffff;\">\r\n\t\t\t\t\t\t\t<h3 class=\"ult-responsive\"  data-ultimate-target='#Info-table-wrap-1352 h3'  data-responsive-json-new='{\"font-size\":\"desktop:30px;\",\"line-height\":\"\"}'  style=\"font-weight:bold;\">Modr\u00e1<\/h3><\/div><!--ult_pricing_heading--><div class=\"ult_price_body_block\" style=\"background:#447c9a;color:#ffffff;\">\r\n\t\t\t\t\t\t\t<div class=\"ult_price_body\">\r\n\t\t\t\t\t\t\t\t<div class=\"ult_price\">\r\n\t\t\t\t\t\t\t\t\t<div class=\"ult-just-icon-wrapper  \"><div class=\"align-icon\" style=\"text-align:center;\">\n<div class=\"aio-icon-img \" style=\"font-size:200px;display:inline-block;\" >\n\t<img class=\"img-icon\" alt=\"\" src=\"https:\/\/apartmani-luca.com\/wp-content\/uploads\/2020\/06\/okvir-plavi.png\"\/>\n<\/div><\/div><\/div>\r\n\t\t\t\t\t\t\t\t<\/div>\r\n\t\t\t\t\t\t\t<\/div>\r\n\t\t\t\t\t\t<\/div><!--ult_price_body_block--><div id=\"info_table_features_wrap-1992\"  data-ultimate-target='#info_table_features_wrap-1992.ult_price_features'  data-responsive-json-new='{\"font-size\":\"desktop:30px;\",\"line-height\":\"desktop:30px;\"}'  class=\"ult-responsive ult_price_features\" style=\"font-weight:normal;\">\r\n\t\t\t\t\t\t\t<p style=\"margin: 15px;\">A2+2<\/p>\n\r\n\t\t\t\t\t\t<\/div><!--ult_price_features--><div class=\"ult_clr\"><\/div>\r\n\t\t\t<\/div><!--pricing_table-->\r\n\t\t<\/div><!--pricing_table_wrap--><\/a>[\/vc_column][vc_column width=&#8221;1\/4&#8243;]<a href=\"https:\/\/apartmani-luca.com\/cs\/571-2\/oranzovy\/\"  class=\"ult_price_action_button\" style=\"background:#efa056;color:#ffffff;\"><div class=\"ult_pricing_table_wrap ult_info_table ult_design_5  ult-cs-custom  \">\r\n\t\t\t\t\t<div class=\"ult_pricing_table \" style=\"background:#e0e0e0;color:#8c8c8c; \"><div id=\"Info-table-wrap-9710\" class=\"ult_pricing_heading\" style=\"background:#efa056;color:#ffffff;\">\r\n\t\t\t\t\t\t\t<h3 class=\"ult-responsive\"  data-ultimate-target='#Info-table-wrap-9710 h3'  data-responsive-json-new='{\"font-size\":\"desktop:30px;\",\"line-height\":\"\"}'  style=\"font-weight:bold;\">Oran\u017eov\u00fd<\/h3><\/div><!--ult_pricing_heading--><div class=\"ult_price_body_block\" style=\"background:#efa056;color:#ffffff;\">\r\n\t\t\t\t\t\t\t<div class=\"ult_price_body\">\r\n\t\t\t\t\t\t\t\t<div class=\"ult_price\">\r\n\t\t\t\t\t\t\t\t\t<div class=\"ult-just-icon-wrapper  \"><div class=\"align-icon\" style=\"text-align:center;\">\n<div class=\"aio-icon-img \" style=\"font-size:200px;display:inline-block;\" >\n\t<img class=\"img-icon\" alt=\"\" src=\"https:\/\/apartmani-luca.com\/wp-content\/uploads\/2020\/06\/okvir-narancasti.png\"\/>\n<\/div><\/div><\/div>\r\n\t\t\t\t\t\t\t\t<\/div>\r\n\t\t\t\t\t\t\t<\/div>\r\n\t\t\t\t\t\t<\/div><!--ult_price_body_block--><div id=\"info_table_features_wrap-6801\"  data-ultimate-target='#info_table_features_wrap-6801.ult_price_features'  data-responsive-json-new='{\"font-size\":\"desktop:30px;\",\"line-height\":\"desktop:30px;\"}'  class=\"ult-responsive ult_price_features\" style=\"font-weight:normal;\">\r\n\t\t\t\t\t\t\t<p style=\"margin: 15px;\">A4<\/p>\n\r\n\t\t\t\t\t\t<\/div><!--ult_price_features--><div class=\"ult_clr\"><\/div>\r\n\t\t\t<\/div><!--pricing_table-->\r\n\t\t<\/div><!--pricing_table_wrap--><\/a>[\/vc_column][vc_column width=&#8221;1\/4&#8243;]<a href=\"https:\/\/apartmani-luca.com\/cs\/571-2\/zluty\/\"  class=\"ult_price_action_button\" style=\"background:#f3d164;color:#ffffff;\"><div class=\"ult_pricing_table_wrap ult_info_table ult_design_5  ult-cs-custom  \">\r\n\t\t\t\t\t<div class=\"ult_pricing_table \" style=\"background:#e0e0e0;color:#8c8c8c; \"><div id=\"Info-table-wrap-1443\" class=\"ult_pricing_heading\" style=\"background:#f3d164;color:#ffffff;\">\r\n\t\t\t\t\t\t\t<h3 class=\"ult-responsive\"  data-ultimate-target='#Info-table-wrap-1443 h3'  data-responsive-json-new='{\"font-size\":\"desktop:30px;\",\"line-height\":\"\"}'  style=\"font-weight:bold;\">\u017dlut\u00fd<\/h3><\/div><!--ult_pricing_heading--><div class=\"ult_price_body_block\" style=\"background:#f3d164;color:#ffffff;\">\r\n\t\t\t\t\t\t\t<div class=\"ult_price_body\">\r\n\t\t\t\t\t\t\t\t<div class=\"ult_price\">\r\n\t\t\t\t\t\t\t\t\t<div class=\"ult-just-icon-wrapper  \"><div class=\"align-icon\" style=\"text-align:center;\">\n<div class=\"aio-icon-img \" style=\"font-size:200px;display:inline-block;\" >\n\t<img class=\"img-icon\" alt=\"\" src=\"https:\/\/apartmani-luca.com\/wp-content\/uploads\/2020\/06\/okvir-zuti.png\"\/>\n<\/div><\/div><\/div>\r\n\t\t\t\t\t\t\t\t<\/div>\r\n\t\t\t\t\t\t\t<\/div>\r\n\t\t\t\t\t\t<\/div><!--ult_price_body_block--><div id=\"info_table_features_wrap-8087\"  data-ultimate-target='#info_table_features_wrap-8087.ult_price_features'  data-responsive-json-new='{\"font-size\":\"desktop:30px;\",\"line-height\":\"desktop:30px;\"}'  class=\"ult-responsive ult_price_features\" style=\"font-weight:normal;\">\r\n\t\t\t\t\t\t\t<p style=\"margin: 15px;\">A2+2<\/p>\n\r\n\t\t\t\t\t\t<\/div><!--ult_price_features--><div class=\"ult_clr\"><\/div>\r\n\t\t\t<\/div><!--pricing_table-->\r\n\t\t<\/div><!--pricing_table_wrap--><\/a>[\/vc_column][vc_column width=&#8221;1\/4&#8243;]<a href=\"https:\/\/apartmani-luca.com\/cs\/571-2\/hnedy\/\"  class=\"ult_price_action_button\" style=\"background:#aa7039;color:#ffffff;\"><div class=\"ult_pricing_table_wrap ult_info_table ult_design_5  ult-cs-custom  \">\r\n\t\t\t\t\t<div class=\"ult_pricing_table \" style=\"background:#e0e0e0;color:#8c8c8c; \"><div id=\"Info-table-wrap-7521\" class=\"ult_pricing_heading\" style=\"background:#aa7039;color:#ffffff;\">\r\n\t\t\t\t\t\t\t<h3 class=\"ult-responsive\"  data-ultimate-target='#Info-table-wrap-7521 h3'  data-responsive-json-new='{\"font-size\":\"desktop:30px;\",\"line-height\":\"\"}'  style=\"font-weight:bold;\">Hn\u011bd\u00fd<\/h3><\/div><!--ult_pricing_heading--><div class=\"ult_price_body_block\" style=\"background:#aa7039;color:#ffffff;\">\r\n\t\t\t\t\t\t\t<div class=\"ult_price_body\">\r\n\t\t\t\t\t\t\t\t<div class=\"ult_price\">\r\n\t\t\t\t\t\t\t\t\t<div class=\"ult-just-icon-wrapper  \"><div class=\"align-icon\" style=\"text-align:center;\">\n<div class=\"aio-icon-img \" style=\"font-size:200px;display:inline-block;\" >\n\t<img class=\"img-icon\" alt=\"\" src=\"https:\/\/apartmani-luca.com\/wp-content\/uploads\/2020\/06\/okvir-smedi.png\"\/>\n<\/div><\/div><\/div>\r\n\t\t\t\t\t\t\t\t<\/div>\r\n\t\t\t\t\t\t\t<\/div>\r\n\t\t\t\t\t\t<\/div><!--ult_price_body_block--><div id=\"info_table_features_wrap-5812\"  data-ultimate-target='#info_table_features_wrap-5812.ult_price_features'  data-responsive-json-new='{\"font-size\":\"desktop:30px;\",\"line-height\":\"desktop:30px;\"}'  class=\"ult-responsive ult_price_features\" style=\"font-weight:normal;\">\r\n\t\t\t\t\t\t\t<p style=\"margin: 15px;\">A4<\/p>\n\r\n\t\t\t\t\t\t<\/div><!--ult_price_features--><div class=\"ult_clr\"><\/div>\r\n\t\t\t<\/div><!--pricing_table-->\r\n\t\t<\/div><!--pricing_table_wrap--><\/a>[\/vc_column][\/vc_row][vc_row][vc_column width=&#8221;1\/4&#8243;]<a href=\"https:\/\/apartmani-luca.com\/cs\/571-2\/bila\/\"  class=\"ult_price_action_button\" style=\"background:#adadad;color:#ffffff;\"><div class=\"ult_pricing_table_wrap ult_info_table ult_design_5  ult-cs-custom  \">\r\n\t\t\t\t\t<div class=\"ult_pricing_table \" style=\"background:#e0e0e0;color:#8c8c8c; \"><div id=\"Info-table-wrap-7264\" class=\"ult_pricing_heading\" style=\"background:#adadad;color:#ffffff;\">\r\n\t\t\t\t\t\t\t<h3 class=\"ult-responsive\"  data-ultimate-target='#Info-table-wrap-7264 h3'  data-responsive-json-new='{\"font-size\":\"desktop:30px;\",\"line-height\":\"\"}'  style=\"font-weight:bold;\">B\u00edl\u00e1<\/h3><\/div><!--ult_pricing_heading--><div class=\"ult_price_body_block\" style=\"background:#adadad;color:#ffffff;\">\r\n\t\t\t\t\t\t\t<div class=\"ult_price_body\">\r\n\t\t\t\t\t\t\t\t<div class=\"ult_price\">\r\n\t\t\t\t\t\t\t\t\t<div class=\"ult-just-icon-wrapper  \"><div class=\"align-icon\" style=\"text-align:center;\">\n<div class=\"aio-icon-img \" style=\"font-size:200px;display:inline-block;\" >\n\t<img class=\"img-icon\" alt=\"\" src=\"https:\/\/apartmani-luca.com\/wp-content\/uploads\/2015\/12\/bijeli-okvir.png\"\/>\n<\/div><\/div><\/div>\r\n\t\t\t\t\t\t\t\t<\/div>\r\n\t\t\t\t\t\t\t<\/div>\r\n\t\t\t\t\t\t<\/div><!--ult_price_body_block--><div id=\"info_table_features_wrap-1966\"  data-ultimate-target='#info_table_features_wrap-1966.ult_price_features'  data-responsive-json-new='{\"font-size\":\"desktop:30px;\",\"line-height\":\"desktop:30px;\"}'  class=\"ult-responsive ult_price_features\" style=\"font-weight:normal;\">\r\n\t\t\t\t\t\t\t<p style=\"margin: 15px;\">A4+1<\/p>\n\r\n\t\t\t\t\t\t<\/div><!--ult_price_features--><div class=\"ult_clr\"><\/div>\r\n\t\t\t<\/div><!--pricing_table-->\r\n\t\t<\/div><!--pricing_table_wrap--><\/a>[\/vc_column][vc_column width=&#8221;1\/4&#8243;]<a href=\"https:\/\/apartmani-luca.com\/cs\/571-2\/fialovy\/\"  class=\"ult_price_action_button\" style=\"background:#6761a8;color:#ffffff;\"><div class=\"ult_pricing_table_wrap ult_info_table ult_design_5  ult-cs-custom  \">\r\n\t\t\t\t\t<div class=\"ult_pricing_table \" style=\"background:#e0e0e0;color:#8c8c8c; \"><div id=\"Info-table-wrap-6713\" class=\"ult_pricing_heading\" style=\"background:#6761a8;color:#ffffff;\">\r\n\t\t\t\t\t\t\t<h3 class=\"ult-responsive\"  data-ultimate-target='#Info-table-wrap-6713 h3'  data-responsive-json-new='{\"font-size\":\"desktop:30px;\",\"line-height\":\"\"}'  style=\"font-weight:bold;\">Fialov\u00fd<\/h3><\/div><!--ult_pricing_heading--><div class=\"ult_price_body_block\" style=\"background:#6761a8;color:#ffffff;\">\r\n\t\t\t\t\t\t\t<div class=\"ult_price_body\">\r\n\t\t\t\t\t\t\t\t<div class=\"ult_price\">\r\n\t\t\t\t\t\t\t\t\t<div class=\"ult-just-icon-wrapper  \"><div class=\"align-icon\" style=\"text-align:center;\">\n<div class=\"aio-icon-img \" style=\"font-size:200px;display:inline-block;\" >\n\t<img class=\"img-icon\" alt=\"\" src=\"https:\/\/apartmani-luca.com\/wp-content\/uploads\/2015\/12\/ljubicasti-okvir.png\"\/>\n<\/div><\/div><\/div>\r\n\t\t\t\t\t\t\t\t<\/div>\r\n\t\t\t\t\t\t\t<\/div>\r\n\t\t\t\t\t\t<\/div><!--ult_price_body_block--><div id=\"info_table_features_wrap-3518\"  data-ultimate-target='#info_table_features_wrap-3518.ult_price_features'  data-responsive-json-new='{\"font-size\":\"desktop:30px;\",\"line-height\":\"desktop:30px;\"}'  class=\"ult-responsive ult_price_features\" style=\"font-weight:normal;\">\r\n\t\t\t\t\t\t\t<p style=\"margin: 15px;\">A4+1<\/p>\n\r\n\t\t\t\t\t\t<\/div><!--ult_price_features--><div class=\"ult_clr\"><\/div>\r\n\t\t\t<\/div><!--pricing_table-->\r\n\t\t<\/div><!--pricing_table_wrap--><\/a>[\/vc_column][vc_column width=&#8221;1\/4&#8243;]<a href=\"https:\/\/apartmani-luca.com\/cs\/571-2\/zeleny\/\"  class=\"ult_price_action_button\" style=\"background:#69b569;color:#ffffff;\"><div class=\"ult_pricing_table_wrap ult_info_table ult_design_5  ult-cs-custom  \">\r\n\t\t\t\t\t<div class=\"ult_pricing_table \" style=\"background:#e0e0e0;color:#8c8c8c; \"><div id=\"Info-table-wrap-6377\" class=\"ult_pricing_heading\" style=\"background:#69b569;color:#ffffff;\">\r\n\t\t\t\t\t\t\t<h3 class=\"ult-responsive\"  data-ultimate-target='#Info-table-wrap-6377 h3'  data-responsive-json-new='{\"font-size\":\"desktop:30px;\",\"line-height\":\"\"}'  style=\"font-weight:bold;\">Zelen\u00fd<\/h3><\/div><!--ult_pricing_heading--><div class=\"ult_price_body_block\" style=\"background:#69b569;color:#ffffff;\">\r\n\t\t\t\t\t\t\t<div class=\"ult_price_body\">\r\n\t\t\t\t\t\t\t\t<div class=\"ult_price\">\r\n\t\t\t\t\t\t\t\t\t<div class=\"ult-just-icon-wrapper  \"><div class=\"align-icon\" style=\"text-align:center;\">\n<div class=\"aio-icon-img \" style=\"font-size:200px;display:inline-block;\" >\n\t<img class=\"img-icon\" alt=\"\" src=\"https:\/\/apartmani-luca.com\/wp-content\/uploads\/2020\/06\/okvir-zeleni.png\"\/>\n<\/div><\/div><\/div>\r\n\t\t\t\t\t\t\t\t<\/div>\r\n\t\t\t\t\t\t\t<\/div>\r\n\t\t\t\t\t\t<\/div><!--ult_price_body_block--><div id=\"info_table_features_wrap-6991\"  data-ultimate-target='#info_table_features_wrap-6991.ult_price_features'  data-responsive-json-new='{\"font-size\":\"desktop:30px;\",\"line-height\":\"desktop:30px;\"}'  class=\"ult-responsive ult_price_features\" style=\"font-weight:normal;\">\r\n\t\t\t\t\t\t\t<p style=\"margin: 15px;\">A4<\/p>\n\r\n\t\t\t\t\t\t<\/div><!--ult_price_features--><div class=\"ult_clr\"><\/div>\r\n\t\t\t<\/div><!--pricing_table-->\r\n\t\t<\/div><!--pricing_table_wrap--><\/a>[\/vc_column][vc_column width=&#8221;1\/4&#8243;]<a href=\"https:\/\/apartmani-luca.com\/cs\/571-2\/galerie\/\"  class=\"ult_price_action_button\" style=\"background:#f9f9f9;color:#f9f9f9;\"><div class=\"ult_pricing_table_wrap ult_info_table ult_design_5  ult-cs-custom  \">\r\n\t\t\t\t\t<div class=\"ult_pricing_table \" style=\"background:#e0e0e0;color:#8c8c8c; \"><div id=\"Info-table-wrap-4697\" class=\"ult_pricing_heading\" style=\"background:#f9f9f9;color:#f9f9f9;\">\r\n\t\t\t\t\t\t\t<h3 class=\"ult-responsive\"  data-ultimate-target='#Info-table-wrap-4697 h3'  data-responsive-json-new='{\"font-size\":\"desktop:30px;\",\"line-height\":\"\"}'  style=\"font-weight:bold;\">...<\/h3><\/div><!--ult_pricing_heading--><div class=\"ult_price_body_block\" style=\"background:#f9f9f9;color:#f9f9f9;\">\r\n\t\t\t\t\t\t\t<div class=\"ult_price_body\">\r\n\t\t\t\t\t\t\t\t<div class=\"ult_price\">\r\n\t\t\t\t\t\t\t\t\t<div class=\"ult-just-icon-wrapper  \"><div class=\"align-icon\" style=\"text-align:center;\">\n<div class=\"aio-icon-img \" style=\"font-size:200px;display:inline-block;\" >\n\t<img class=\"img-icon\" alt=\"\" src=\"https:\/\/apartmani-luca.com\/wp-content\/uploads\/2020\/06\/okvir-galerija.png\"\/>\n<\/div><\/div><\/div>\r\n\t\t\t\t\t\t\t\t<\/div>\r\n\t\t\t\t\t\t\t<\/div>\r\n\t\t\t\t\t\t<\/div><!--ult_price_body_block--><div id=\"info_table_features_wrap-8701\"  data-ultimate-target='#info_table_features_wrap-8701.ult_price_features'  data-responsive-json-new='{\"font-size\":\"desktop:30px;\",\"line-height\":\"desktop:30px;\"}'  class=\"ult-responsive ult_price_features\" style=\"font-weight:normal;\">\r\n\t\t\t\t\t\t\t<p style=\"margin: 15px;\">Galerie<\/p>\n\r\n\t\t\t\t\t\t<\/div><!--ult_price_features--><div class=\"ult_clr\"><\/div>\r\n\t\t\t<\/div><!--pricing_table-->\r\n\t\t<\/div><!--pricing_table_wrap--><\/a>[\/vc_column][\/vc_row][vc_row][\/vc_row][vc_column][\/vc_column]\n","protected":false},"excerpt":{"rendered":"<p>[vc_row][vc_column][vc_column_text css=&#8221;.vc_custom_1450002638896{margin-top: 70px !important;margin-bottom: 40px !important;}&#8221;] Apartm\u00e1ny [\/vc_column_text][\/vc_column][\/vc_row][vc_row][vc_column][vc_column_text] \u201cLuca Apartments\u201d se nach\u00e1z\u00ed v Ninu, v m\u011bst\u011b slavn\u00e9 minulosti a domov\u011b starov\u011bk\u00fdch chorvatsk\u00fdch vl\u00e1dc\u016f. A v p\u0159ilehl\u00fdch apartm\u00e1nech si m\u016f\u017eete odpo\u010dinout ve st\u00ednu f\u00edk\u016f a vinic. Nab\u00edz\u00edme tak\u00e9 m\u00edstn\u00ed v\u00edna tradi\u010dn\u011b vyr\u00e1b\u011bn\u00e1 z vinice nach\u00e1zej\u00edc\u00ed se \u2026 v\u0161echna okoln\u00ed zele\u0148 p\u0159isp\u00edv\u00e1 k relaxaci a vychutn\u00e1v\u00e1n\u00ed m\u00edstn\u00edho v\u00edna. [\/vc_column_text][\/vc_column][\/vc_row][vc_row][vc_column width=&#8221;1\/4&#8243;][\/vc_column][vc_column width=&#8221;1\/4&#8243;][\/vc_column][vc_column width=&#8221;1\/4&#8243;][\/vc_column][vc_column width=&#8221;1\/4&#8243;][\/vc_column][\/vc_row][vc_row][vc_column width=&#8221;1\/4&#8243;][\/vc_column][vc_column width=&#8221;1\/4&#8243;][\/vc_column][vc_column width=&#8221;1\/4&#8243;][\/vc_column][vc_column width=&#8221;1\/4&#8243;][\/vc_column][\/vc_row][vc_row][\/vc_row][vc_column][\/vc_column]<\/p>\n","protected":false},"author":2,"featured_media":0,"parent":0,"menu_order":1,"comment_status":"closed","ping_status":"closed","template":"","meta":[],"_links":{"self":[{"href":"https:\/\/apartmani-luca.com\/cs\/wp-json\/wp\/v2\/pages\/575"}],"collection":[{"href":"https:\/\/apartmani-luca.com\/cs\/wp-json\/wp\/v2\/pages"}],"about":[{"href":"https:\/\/apartmani-luca.com\/cs\/wp-json\/wp\/v2\/types\/page"}],"author":[{"embeddable":true,"href":"https:\/\/apartmani-luca.com\/cs\/wp-json\/wp\/v2\/users\/2"}],"replies":[{"embeddable":true,"href":"https:\/\/apartmani-luca.com\/cs\/wp-json\/wp\/v2\/comments?post=575"}],"version-history":[{"count":11,"href":"https:\/\/apartmani-luca.com\/cs\/wp-json\/wp\/v2\/pages\/575\/revisions"}],"predecessor-version":[{"id":2701,"href":"https:\/\/apartmani-luca.com\/cs\/wp-json\/wp\/v2\/pages\/575\/revisions\/2701"}],"wp:attachment":[{"href":"https:\/\/apartmani-luca.com\/cs\/wp-json\/wp\/v2\/media?parent=575"}],"curies":[{"name":"wp","href":"https:\/\/api.w.org\/{rel}","templated":true}]}}